{"id":3892,"date":"2022-12-05T08:38:16","date_gmt":"2022-12-05T08:38:16","guid":{"rendered":"https:\/\/investment.com.al\/legal-framework\/"},"modified":"2024-01-11T10:52:39","modified_gmt":"2024-01-11T10:52:39","slug":"kuadri-ligjor","status":"publish","type":"page","link":"https:\/\/www.investment.com.al\/sq\/kuadri-ligjor\/","title":{"rendered":"Kuadri Ligjor"},"content":{"rendered":"\t\t<div data-elementor-type=\"wp-page\" data-elementor-id=\"3892\" class=\"elementor elementor-3892 elementor-223\" data-elementor-post-type=\"page\">\n\t\t\t\t\t\t\t\t\t<section class=\"elementor-section elementor-top-section elementor-element elementor-element-7eaff71 elementor-section-boxed elementor-section-height-default elementor-section-height-default\" data-id=\"7eaff71\" data-element_type=\"section\" data-settings=\"{&quot;background_background&quot;:&quot;classic&quot;,&quot;sticky&quot;:&quot;top&quot;,&quot;sticky_offset&quot;:110,&quot;sticky_offset_mobile&quot;:70,&quot;sticky_offset_tablet&quot;:95,&quot;sticky_on&quot;:[&quot;desktop&quot;,&quot;laptop&quot;,&quot;tablet_extra&quot;,&quot;tablet&quot;,&quot;mobile_extra&quot;,&quot;mobile&quot;],&quot;sticky_effects_offset&quot;:0}\">\n\t\t\t\t\t\t<div class=\"elementor-container elementor-column-gap-default\">\n\t\t\t\t\t<div class=\"elementor-column elementor-col-100 elementor-top-column elementor-element elementor-element-75c2b07\" data-id=\"75c2b07\" data-element_type=\"column\">\n\t\t\t<div class=\"elementor-widget-wrap elementor-element-populated\">\n\t\t\t\t\t\t\t\t\t<\/div>\n\t\t<\/div>\n\t\t\t\t\t\t\t<\/div>\n\t\t<\/section>\n\t\t\t\t<div class=\"elementor-section elementor-top-section elementor-element elementor-element-fe94f92 elementor-section-boxed elementor-section-height-default elementor-section-height-default\" data-id=\"fe94f92\" data-element_type=\"section\">\n\t\t\t\t\t\t<div class=\"elementor-container elementor-column-gap-no\">\n\t\t\t\t\t<div class=\"elementor-column elementor-col-100 elementor-top-column elementor-element elementor-element-f965348\" data-id=\"f965348\" data-element_type=\"column\" data-settings=\"{&quot;background_background&quot;:&quot;classic&quot;}\">\n\t\t\t<div class=\"elementor-widget-wrap elementor-element-populated\">\n\t\t\t\t\t\t\t\t<section class=\"elementor-section elementor-inner-section elementor-element elementor-element-067913b elementor-section-full_width custom-right-section elementor-section-height-default elementor-section-height-default\" data-id=\"067913b\" data-element_type=\"section\" id=\"government-decree\" data-settings=\"{&quot;background_background&quot;:&quot;classic&quot;}\">\n\t\t\t\t\t\t<div class=\"elementor-container elementor-column-gap-default\">\n\t\t\t\t\t<div class=\"elementor-column elementor-col-100 elementor-inner-column elementor-element elementor-element-72b14a4\" data-id=\"72b14a4\" data-element_type=\"column\" data-settings=\"{&quot;background_background&quot;:&quot;classic&quot;}\">\n\t\t\t<div class=\"elementor-widget-wrap elementor-element-populated\">\n\t\t\t\t\t\t\t\t<div class=\"elementor-element elementor-element-f6addf6 remove-margin elementor-widget elementor-widget-heading\" data-id=\"f6addf6\" data-element_type=\"widget\" data-widget_type=\"heading.default\">\n\t\t\t\t<div class=\"elementor-widget-container\">\n\t\t\t<style>\/*! elementor - v3.18.0 - 20-12-2023 *\/\n.elementor-heading-title{padding:0;margin:0;line-height:1}.elementor-widget-heading .elementor-heading-title[class*=elementor-size-]>a{color:inherit;font-size:inherit;line-height:inherit}.elementor-widget-heading .elementor-heading-title.elementor-size-small{font-size:15px}.elementor-widget-heading .elementor-heading-title.elementor-size-medium{font-size:19px}.elementor-widget-heading .elementor-heading-title.elementor-size-large{font-size:29px}.elementor-widget-heading .elementor-heading-title.elementor-size-xl{font-size:39px}.elementor-widget-heading .elementor-heading-title.elementor-size-xxl{font-size:59px}<\/style><h2 class=\"elementor-heading-title elementor-size-default\">VKM<\/h2>\t\t<\/div>\n\t\t\t\t<\/div>\n\t\t\t\t<section class=\"elementor-section elementor-inner-section elementor-element elementor-element-614a89c elementor-section-full_width elementor-section-height-default elementor-section-height-default\" data-id=\"614a89c\" data-element_type=\"section\" data-settings=\"{&quot;background_background&quot;:&quot;classic&quot;}\">\n\t\t\t\t\t\t<div class=\"elementor-container elementor-column-gap-default\">\n\t\t\t\t\t<div class=\"elementor-column elementor-col-20 elementor-inner-column elementor-element elementor-element-f4bd53c\" data-id=\"f4bd53c\" data-element_type=\"column\" data-settings=\"{&quot;background_background&quot;:&quot;classic&quot;}\">\n\t\t\t<div class=\"elementor-widget-wrap elementor-element-populated\">\n\t\t\t\t\t\t\t\t<div class=\"elementor-element elementor-element-31714ed elementor-widget elementor-widget-heading\" data-id=\"31714ed\" data-element_type=\"widget\" data-widget_type=\"heading.default\">\n\t\t\t\t<div class=\"elementor-widget-container\">\n\t\t\t<h2 class=\"elementor-heading-title elementor-size-default\">08 Prill 2015<\/h2>\t\t<\/div>\n\t\t\t\t<\/div>\n\t\t\t\t<div class=\"elementor-element elementor-element-70279af elementor-widget elementor-widget-heading\" data-id=\"70279af\" data-element_type=\"widget\" data-widget_type=\"heading.default\">\n\t\t\t\t<div class=\"elementor-widget-container\">\n\t\t\t<h2 class=\"elementor-heading-title elementor-size-default\">Vendim i K\u00ebshillit t\u00eb Ministrave (VKM) Nr. 294<\/h2>\t\t<\/div>\n\t\t\t\t<\/div>\n\t\t\t\t<div class=\"elementor-element elementor-element-f5c7e05 download-btn elementor-widget elementor-widget-heading\" data-id=\"f5c7e05\" data-element_type=\"widget\" data-widget_type=\"heading.default\">\n\t\t\t\t<div class=\"elementor-widget-container\">\n\t\t\t<h2 class=\"elementor-heading-title elementor-size-default\"><a href=\"\/wp-content\/uploads\/2022\/12\/VKM-per-KI.pdf\" target=\"_blank\">Shkarko PDF<\/a><\/h2>\t\t<\/div>\n\t\t\t\t<\/div>\n\t\t\t\t\t<\/div>\n\t\t<\/div>\n\t\t\t\t<div class=\"elementor-column elementor-col-20 elementor-inner-column elementor-element elementor-element-1a7149a\" data-id=\"1a7149a\" data-element_type=\"column\" data-settings=\"{&quot;background_background&quot;:&quot;classic&quot;}\">\n\t\t\t<div class=\"elementor-widget-wrap elementor-element-populated\">\n\t\t\t\t\t\t\t\t<div class=\"elementor-element elementor-element-813c3d4 elementor-widget elementor-widget-heading\" data-id=\"813c3d4\" data-element_type=\"widget\" data-widget_type=\"heading.default\">\n\t\t\t\t<div class=\"elementor-widget-container\">\n\t\t\t<h2 class=\"elementor-heading-title elementor-size-default\">22 Maj 2019<\/h2>\t\t<\/div>\n\t\t\t\t<\/div>\n\t\t\t\t<div class=\"elementor-element elementor-element-1614b51 elementor-widget elementor-widget-heading\" data-id=\"1614b51\" data-element_type=\"widget\" data-widget_type=\"heading.default\">\n\t\t\t\t<div class=\"elementor-widget-container\">\n\t\t\t<h2 class=\"elementor-heading-title elementor-size-default\">Vendim i K\u00ebshillit t\u00eb Ministrave (VKM) Nr. 335<\/h2>\t\t<\/div>\n\t\t\t\t<\/div>\n\t\t\t\t<div class=\"elementor-element elementor-element-cb26d0b download-btn elementor-widget elementor-widget-heading\" data-id=\"cb26d0b\" data-element_type=\"widget\" data-widget_type=\"heading.default\">\n\t\t\t\t<div class=\"elementor-widget-container\">\n\t\t\t<h2 class=\"elementor-heading-title elementor-size-default\"><a href=\"\/wp-content\/uploads\/2022\/12\/VKM-2-Nr.-335-date-22-05-2019.pdf\" target=\"_blank\">Shkarko PDF<\/a><\/h2>\t\t<\/div>\n\t\t\t\t<\/div>\n\t\t\t\t\t<\/div>\n\t\t<\/div>\n\t\t\t\t<div class=\"elementor-column elementor-col-20 elementor-inner-column elementor-element elementor-element-012b472\" data-id=\"012b472\" data-element_type=\"column\" data-settings=\"{&quot;background_background&quot;:&quot;classic&quot;}\">\n\t\t\t<div class=\"elementor-widget-wrap elementor-element-populated\">\n\t\t\t\t\t\t\t\t<div class=\"elementor-element elementor-element-fcafb63 elementor-widget elementor-widget-heading\" data-id=\"fcafb63\" data-element_type=\"widget\" data-widget_type=\"heading.default\">\n\t\t\t\t<div class=\"elementor-widget-container\">\n\t\t\t<h2 class=\"elementor-heading-title elementor-size-default\">20 N\u00ebntor 2019<\/h2>\t\t<\/div>\n\t\t\t\t<\/div>\n\t\t\t\t<div class=\"elementor-element elementor-element-4aeea56 elementor-widget elementor-widget-heading\" data-id=\"4aeea56\" data-element_type=\"widget\" data-widget_type=\"heading.default\">\n\t\t\t\t<div class=\"elementor-widget-container\">\n\t\t\t<h2 class=\"elementor-heading-title elementor-size-default\">Vendim i K\u00ebshillit t\u00eb Ministrave (VKM) Nr. 746<\/h2>\t\t<\/div>\n\t\t\t\t<\/div>\n\t\t\t\t<div class=\"elementor-element elementor-element-f1265a8 download-btn elementor-widget elementor-widget-heading\" data-id=\"f1265a8\" data-element_type=\"widget\" data-widget_type=\"heading.default\">\n\t\t\t\t<div class=\"elementor-widget-container\">\n\t\t\t<h2 class=\"elementor-heading-title elementor-size-default\"><a href=\"\/wp-content\/uploads\/2022\/12\/AL_VKM-746-Date-20.11.2019-Per-disa-ndryshime-ne-vendim-nr.-294-date-8.04.2015-VKM-3.pdf\" target=\"_blank\">Shkarko PDF<\/a><\/h2>\t\t<\/div>\n\t\t\t\t<\/div>\n\t\t\t\t\t<\/div>\n\t\t<\/div>\n\t\t\t\t<div class=\"elementor-column elementor-col-20 elementor-inner-column elementor-element elementor-element-16eef17\" data-id=\"16eef17\" data-element_type=\"column\" data-settings=\"{&quot;background_background&quot;:&quot;classic&quot;}\">\n\t\t\t<div class=\"elementor-widget-wrap elementor-element-populated\">\n\t\t\t\t\t\t\t\t<div class=\"elementor-element elementor-element-5759742 elementor-widget elementor-widget-heading\" data-id=\"5759742\" data-element_type=\"widget\" data-widget_type=\"heading.default\">\n\t\t\t\t<div class=\"elementor-widget-container\">\n\t\t\t<h2 class=\"elementor-heading-title elementor-size-default\">20.12.2023<\/h2>\t\t<\/div>\n\t\t\t\t<\/div>\n\t\t\t\t<div class=\"elementor-element elementor-element-cc45d71 elementor-widget elementor-widget-heading\" data-id=\"cc45d71\" data-element_type=\"widget\" data-widget_type=\"heading.default\">\n\t\t\t\t<div class=\"elementor-widget-container\">\n\t\t\t<h2 class=\"elementor-heading-title elementor-size-default\">Vendim  i K\u00ebshillit t\u00eb Ministrave <br>(VKM) Nr. 754<\/h2>\t\t<\/div>\n\t\t\t\t<\/div>\n\t\t\t\t<div class=\"elementor-element elementor-element-75050f0 download-btn elementor-widget elementor-widget-heading\" data-id=\"75050f0\" data-element_type=\"widget\" data-widget_type=\"heading.default\">\n\t\t\t\t<div class=\"elementor-widget-container\">\n\t\t\t<h2 class=\"elementor-heading-title elementor-size-default\"><a href=\"\/wp-content\/uploads\/2024\/01\/VKM-754_20.12.2023.pdf\" target=\"_blank\">Shkarko PDF<\/a><\/h2>\t\t<\/div>\n\t\t\t\t<\/div>\n\t\t\t\t\t<\/div>\n\t\t<\/div>\n\t\t\t\t<div class=\"elementor-column elementor-col-20 elementor-inner-column elementor-element elementor-element-b0456e9\" data-id=\"b0456e9\" data-element_type=\"column\" data-settings=\"{&quot;background_background&quot;:&quot;classic&quot;}\">\n\t\t\t<div class=\"elementor-widget-wrap elementor-element-populated\">\n\t\t\t\t\t\t\t\t<div class=\"elementor-element elementor-element-feafb36 elementor-widget elementor-widget-heading\" data-id=\"feafb36\" data-element_type=\"widget\" data-widget_type=\"heading.default\">\n\t\t\t\t<div class=\"elementor-widget-container\">\n\t\t\t<h2 class=\"elementor-heading-title elementor-size-default\">2015 - 2023<\/h2>\t\t<\/div>\n\t\t\t\t<\/div>\n\t\t\t\t<div class=\"elementor-element elementor-element-9438c5b elementor-widget elementor-widget-heading\" data-id=\"9438c5b\" data-element_type=\"widget\" data-widget_type=\"heading.default\">\n\t\t\t\t<div class=\"elementor-widget-container\">\n\t\t\t<h2 class=\"elementor-heading-title elementor-size-default\">VKM<br>\n(konsoliduar)<\/h2>\t\t<\/div>\n\t\t\t\t<\/div>\n\t\t\t\t<div class=\"elementor-element elementor-element-91a021f download-btn elementor-widget elementor-widget-heading\" data-id=\"91a021f\" data-element_type=\"widget\" data-widget_type=\"heading.default\">\n\t\t\t\t<div class=\"elementor-widget-container\">\n\t\t\t<h2 class=\"elementor-heading-title elementor-size-default\"><a href=\"\/wp-content\/uploads\/2024\/01\/Vendim-i-KM_294_08.04.2015-i-ndryshuar-konsoliduar-4.pdf\" target=\"_blank\">Shkarko PDF<\/a><\/h2>\t\t<\/div>\n\t\t\t\t<\/div>\n\t\t\t\t\t<\/div>\n\t\t<\/div>\n\t\t\t\t\t\t\t<\/div>\n\t\t<\/section>\n\t\t\t\t\t<\/div>\n\t\t<\/div>\n\t\t\t\t\t\t\t<\/div>\n\t\t<\/section>\n\t\t\t\t<section class=\"elementor-section elementor-inner-section elementor-element elementor-element-b4b7f16 elementor-section-full_width custom-right-section elementor-section-height-default elementor-section-height-default\" data-id=\"b4b7f16\" data-element_type=\"section\" id=\"erbd-commit\" data-settings=\"{&quot;background_background&quot;:&quot;classic&quot;}\">\n\t\t\t\t\t\t<div class=\"elementor-container elementor-column-gap-default\">\n\t\t\t\t\t<div class=\"elementor-column elementor-col-100 elementor-inner-column elementor-element elementor-element-64e0b40\" data-id=\"64e0b40\" data-element_type=\"column\" data-settings=\"{&quot;background_background&quot;:&quot;classic&quot;}\">\n\t\t\t<div class=\"elementor-widget-wrap elementor-element-populated\">\n\t\t\t\t\t\t\t\t<div class=\"elementor-element elementor-element-3903c93 remove-margin elementor-widget elementor-widget-heading\" data-id=\"3903c93\" data-element_type=\"widget\" data-widget_type=\"heading.default\">\n\t\t\t\t<div class=\"elementor-widget-container\">\n\t\t\t<h2 class=\"elementor-heading-title elementor-size-default\">Angazhimi i BERZH<\/h2>\t\t<\/div>\n\t\t\t\t<\/div>\n\t\t\t\t<div class=\"elementor-element elementor-element-754864d acoordian-link accordian-01 elementor-widget elementor-widget-accordion\" data-id=\"754864d\" data-element_type=\"widget\" data-widget_type=\"accordion.default\">\n\t\t\t\t<div class=\"elementor-widget-container\">\n\t\t\t<style>.elementor-accordion{text-align:left}.elementor-accordion .elementor-accordion-item{border:1px solid #d5d8dc}.elementor-accordion .elementor-accordion-item+.elementor-accordion-item{border-top:none}.elementor-accordion .elementor-tab-title{margin:0;padding:15px 20px;font-weight:700;line-height:1;cursor:pointer;outline:none}.elementor-accordion .elementor-tab-title .elementor-accordion-icon{display:inline-block;width:1.5em}.elementor-accordion .elementor-tab-title .elementor-accordion-icon svg{width:1em;height:1em}.elementor-accordion .elementor-tab-title .elementor-accordion-icon.elementor-accordion-icon-right{float:right;text-align:right}.elementor-accordion .elementor-tab-title .elementor-accordion-icon.elementor-accordion-icon-left{float:left;text-align:left}.elementor-accordion .elementor-tab-title .elementor-accordion-icon .elementor-accordion-icon-closed{display:block}.elementor-accordion .elementor-tab-title .elementor-accordion-icon .elementor-accordion-icon-opened,.elementor-accordion .elementor-tab-title.elementor-active .elementor-accordion-icon-closed{display:none}.elementor-accordion .elementor-tab-title.elementor-active .elementor-accordion-icon-opened{display:block}.elementor-accordion .elementor-tab-content{display:none;padding:15px 20px;border-top:1px solid #d5d8dc}@media (max-width:767px){.elementor-accordion .elementor-tab-title{padding:12px 15px}.elementor-accordion .elementor-tab-title .elementor-accordion-icon{width:1.2em}.elementor-accordion .elementor-tab-content{padding:7px 15px}}.e-con-inner>.elementor-widget-accordion,.e-con>.elementor-widget-accordion{width:var(--container-widget-width);--flex-grow:var(--container-widget-flex-grow)}<\/style>\t\t<div class=\"elementor-accordion\">\n\t\t\t\t\t\t\t<div class=\"elementor-accordion-item\">\n\t\t\t\t\t<div id=\"elementor-tab-title-1221\" class=\"elementor-tab-title\" data-tab=\"1\" role=\"button\" aria-controls=\"elementor-tab-content-1221\" aria-expanded=\"false\">\n\t\t\t\t\t\t\t\t\t\t\t\t\t<span class=\"elementor-accordion-icon elementor-accordion-icon-right\" aria-hidden=\"true\">\n\t\t\t\t\t\t\t\t\t\t\t\t\t\t\t<span class=\"elementor-accordion-icon-closed\"><i class=\"fas fa-plus\"><\/i><\/span>\n\t\t\t\t\t\t\t\t<span class=\"elementor-accordion-icon-opened\"><i class=\"fas fa-minus\"><\/i><\/span>\n\t\t\t\t\t\t\t\t\t\t\t\t\t\t<\/span>\n\t\t\t\t\t\t\t\t\t\t\t\t<a class=\"elementor-accordion-title\" tabindex=\"0\">First item will be everytime empty<\/a>\n\t\t\t\t\t<\/div>\n\t\t\t\t\t<div id=\"elementor-tab-content-1221\" class=\"elementor-tab-content elementor-clearfix\" data-tab=\"1\" role=\"region\" aria-labelledby=\"elementor-tab-title-1221\"><p>css<\/p><\/div>\n\t\t\t\t<\/div>\n\t\t\t\t\t\t\t<div class=\"elementor-accordion-item\">\n\t\t\t\t\t<div id=\"elementor-tab-title-1222\" class=\"elementor-tab-title\" data-tab=\"2\" role=\"button\" aria-controls=\"elementor-tab-content-1222\" aria-expanded=\"false\">\n\t\t\t\t\t\t\t\t\t\t\t\t\t<span class=\"elementor-accordion-icon elementor-accordion-icon-right\" aria-hidden=\"true\">\n\t\t\t\t\t\t\t\t\t\t\t\t\t\t\t<span class=\"elementor-accordion-icon-closed\"><i class=\"fas fa-plus\"><\/i><\/span>\n\t\t\t\t\t\t\t\t<span class=\"elementor-accordion-icon-opened\"><i class=\"fas fa-minus\"><\/i><\/span>\n\t\t\t\t\t\t\t\t\t\t\t\t\t\t<\/span>\n\t\t\t\t\t\t\t\t\t\t\t\t<a class=\"elementor-accordion-title\" tabindex=\"0\">Memorandumi i Mir\u00ebkuptimit<\/a>\n\t\t\t\t\t<\/div>\n\t\t\t\t\t<div id=\"elementor-tab-content-1222\" class=\"elementor-tab-content elementor-clearfix\" data-tab=\"2\" role=\"region\" aria-labelledby=\"elementor-tab-title-1222\"><p class=\"date\">Shkurt 24, 2014<\/p><p>Qeveria e Shqip\u00ebris\u00eb dhe BERZH firmos\u00ebn nj\u00eb Memorandum Mir\u00ebkuptimi me q\u00ebllim p\u00ebrmir\u00ebsimin e pro\u00e7esit t\u00eb reformave ekonomike n\u00eb vend n\u00eb shkurt 2014.<br \/><br \/><\/p><p><a href=\"\/wp-content\/uploads\/2022\/12\/MoU-EBRD-GoA-on-Investment-Climate-and-Good-Governance-Signed-Albanian_1.pdf\" target=\"_blank\" rel=\"noopener noreferrer\"><strong>Memorandumi i Mir\u00ebkuptimit<\/strong><\/a>\u00a0ofron nj\u00eb struktur\u00eb p\u00ebr bashk\u00ebpunim midis BERZH-it dhe Qeveris\u00eb s\u00eb Shqip\u00ebris\u00eb n\u00eb mb\u00ebshtetje t\u00eb K\u00ebshillit t\u00eb ri Ekonomik Komb\u00ebtar, i cili ka si synim zhvillimin e sektorit privat, forcimin e biznesit dhe klim\u00ebs s\u00eb investimeve dhe promovimin e qeverisjes s\u00eb mir\u00eb.<br \/><br \/><\/p><p>Gjat\u00eb firmosjes s\u00eb dokumentit, Kryeministri i Shqip\u00ebris\u00eb, Z. Edi Rama, u shpreh: \u201cDuke firmosur k\u00ebt\u00eb marr\u00ebveshje ne po nd\u00ebrmarrim nj\u00eb hap t\u00eb r\u00ebnd\u00ebsish\u00ebm n\u00eb rritjen e potencialit ekonomik t\u00eb vendit. Krijimi i mjedisit t\u00eb duhur p\u00ebr biznesin \u00ebsht\u00eb m\u00eb i r\u00ebnd\u00ebsish\u00ebm se asnj\u00ebher\u00eb sot dhe kemi besim se me mb\u00ebshtetjen e BERZH-it do t\u00eb ecim p\u00ebrpara.\u201d<\/p><p>Presidenti i BERZH-it, S\u00ebr Suma Chakrabarti, i cili firmosi Memorandumin n\u00eb em\u00ebr t\u00eb Bank\u00ebs, shtoi: \u201cKy \u00ebsht\u00eb nj\u00eb hap i r\u00ebnd\u00ebsish\u00ebm p\u00ebrpara dhe ne p\u00ebrg\u00ebzojm\u00eb autoritetet shqiptare p\u00ebr kurajon e tyre n\u00eb p\u00ebrballjen e drejt\u00ebp\u00ebrdrejt\u00eb me sfidat q\u00eb vendi po kalon. Ky akt p\u00ebrb\u00ebn nj\u00eb shembull p\u00ebr rajonin dhe m\u00eb gjer\u00eb. BERZH-i \u00ebsht\u00eb i gatsh\u00ebm t\u00eb mb\u00ebshtes\u00eb t\u00eb gjitha p\u00ebrpjekjet p\u00ebr forcuar tranzicionin n\u00eb m\u00ebnyr\u00eb solide dhe vendosm\u00ebri.\u201d<br \/><br \/><\/p><p>Burimi:<a href=\"http:\/\/www.ebrd.com\/news\/2014\/albania-and-ebrd-join-forces-to-boost-investment-climate.html\" target=\"_blank\" rel=\"noopener\">\u00a0http:\/\/www.ebrd.com\/news\/2014\/albania-and-ebrd-join-forces-to-boost-investment-climate.html<\/a><\/p><\/div>\n\t\t\t\t<\/div>\n\t\t\t\t\t\t\t<div class=\"elementor-accordion-item\">\n\t\t\t\t\t<div id=\"elementor-tab-title-1223\" class=\"elementor-tab-title\" data-tab=\"3\" role=\"button\" aria-controls=\"elementor-tab-content-1223\" aria-expanded=\"false\">\n\t\t\t\t\t\t\t\t\t\t\t\t\t<span class=\"elementor-accordion-icon elementor-accordion-icon-right\" aria-hidden=\"true\">\n\t\t\t\t\t\t\t\t\t\t\t\t\t\t\t<span class=\"elementor-accordion-icon-closed\"><i class=\"fas fa-plus\"><\/i><\/span>\n\t\t\t\t\t\t\t\t<span class=\"elementor-accordion-icon-opened\"><i class=\"fas fa-minus\"><\/i><\/span>\n\t\t\t\t\t\t\t\t\t\t\t\t\t\t<\/span>\n\t\t\t\t\t\t\t\t\t\t\t\t<a class=\"elementor-accordion-title\" tabindex=\"0\">Iniciativa p\u00ebr Klim\u00ebn e Investimeve dhe Qeverisjen e Mir\u00eb<\/a>\n\t\t\t\t\t<\/div>\n\t\t\t\t\t<div id=\"elementor-tab-content-1223\" class=\"elementor-tab-content elementor-clearfix\" data-tab=\"3\" role=\"region\" aria-labelledby=\"elementor-tab-title-1223\"><p class=\"date\">Shkurt 24, 2014<\/p><p>Qeveria e Shqip\u00ebris\u00eb dhe BERZH firmos\u00ebn nj\u00eb Memorandum Mir\u00ebkuptimi me q\u00ebllim p\u00ebrmir\u00ebsimin e pro\u00e7esit t\u00eb reformave ekonomike n\u00eb vend n\u00eb shkurt 2014.<br \/><br \/><\/p><p><a href=\"\/wp-content\/uploads\/2022\/12\/MoU-EBRD-GoA-on-Investment-Climate-and-Good-Governance-Signed-Albanian_1.pdf\" target=\"_blank\" rel=\"noopener noreferrer\"><strong>Memorandumi i Mir\u00ebkuptimit<\/strong><\/a>\u00a0ofron nj\u00eb struktur\u00eb p\u00ebr bashk\u00ebpunim midis BERZH-it dhe Qeveris\u00eb s\u00eb Shqip\u00ebris\u00eb n\u00eb mb\u00ebshtetje t\u00eb K\u00ebshillit t\u00eb ri Ekonomik Komb\u00ebtar, i cili ka si synim zhvillimin e sektorit privat, forcimin e biznesit dhe klim\u00ebs s\u00eb investimeve dhe promovimin e qeverisjes s\u00eb mir\u00eb.<br \/><br \/><\/p><p>Gjat\u00eb firmosjes s\u00eb dokumentit, Kryeministri i Shqip\u00ebris\u00eb, Z. Edi Rama, u shpreh: \u201cDuke firmosur k\u00ebt\u00eb marr\u00ebveshje ne po nd\u00ebrmarrim nj\u00eb hap t\u00eb r\u00ebnd\u00ebsish\u00ebm n\u00eb rritjen e potencialit ekonomik t\u00eb vendit. Krijimi i mjedisit t\u00eb duhur p\u00ebr biznesin \u00ebsht\u00eb m\u00eb i r\u00ebnd\u00ebsish\u00ebm se asnj\u00ebher\u00eb sot dhe kemi besim se me mb\u00ebshtetjen e BERZH-it do t\u00eb ecim p\u00ebrpara.\u201d<\/p><p>Presidenti i BERZH-it, S\u00ebr Suma Chakrabarti, i cili firmosi Memorandumin n\u00eb em\u00ebr t\u00eb Bank\u00ebs, shtoi: \u201cKy \u00ebsht\u00eb nj\u00eb hap i r\u00ebnd\u00ebsish\u00ebm p\u00ebrpara dhe ne p\u00ebrg\u00ebzojm\u00eb autoritetet shqiptare p\u00ebr kurajon e tyre n\u00eb p\u00ebrballjen e drejt\u00ebp\u00ebrdrejt\u00eb me sfidat q\u00eb vendi po kalon. Ky akt p\u00ebrb\u00ebn nj\u00eb shembull p\u00ebr rajonin dhe m\u00eb gjer\u00eb. BERZH-i \u00ebsht\u00eb i gatsh\u00ebm t\u00eb mb\u00ebshtes\u00eb t\u00eb gjitha p\u00ebrpjekjet p\u00ebr forcuar tranzicionin n\u00eb m\u00ebnyr\u00eb solide dhe vendosm\u00ebri.\u201d<br \/><br \/><\/p><p>Burimi:<a href=\"http:\/\/www.ebrd.com\/news\/2014\/albania-and-ebrd-join-forces-to-boost-investment-climate.html\" target=\"_blank\" rel=\"noopener\">\u00a0http:\/\/www.ebrd.com\/news\/2014\/albania-and-ebrd-join-forces-to-boost-investment-climate.html<\/a><\/p><\/div>\n\t\t\t\t<\/div>\n\t\t\t\t\t\t\t\t<\/div>\n\t\t\t\t<\/div>\n\t\t\t\t<\/div>\n\t\t\t\t\t<\/div>\n\t\t<\/div>\n\t\t\t\t\t\t\t<\/div>\n\t\t<\/section>\n\t\t\t\t\t<\/div>\n\t\t<\/div>\n\t\t\t\t\t\t\t<\/div>\n\t\t<\/div>\n\t\t\t\t\t\t\t<\/div>\n\t\t","protected":false},"excerpt":{"rendered":"<p>VKM 08 Prill 2015 Vendim i K\u00ebshillit t\u00eb Ministrave (VKM) Nr. 294 Shkarko PDF 22 Maj 2019 Vendim i K\u00ebshillit t\u00eb Ministrave (VKM) Nr. 335 Shkarko PDF 20 N\u00ebntor 2019 Vendim i K\u00ebshillit t\u00eb Ministrave (VKM) Nr. 746 Shkarko PDF 20.12.2023 Vendim i K\u00ebshillit t\u00eb Ministrave (VKM) Nr. 754 Shkarko PDF 2015 &#8211; 2023 VKM [&hellip;]<\/p>\n","protected":false},"author":1,"featured_media":0,"parent":0,"menu_order":0,"comment_status":"closed","ping_status":"closed","template":"elementor_header_footer","meta":{"footnotes":""},"class_list":["post-3892","page","type-page","status-publish","hentry"],"acf":[],"_links":{"self":[{"href":"https:\/\/www.investment.com.al\/sq\/wp-json\/wp\/v2\/pages\/3892","targetHints":{"allow":["GET"]}}],"collection":[{"href":"https:\/\/www.investment.com.al\/sq\/wp-json\/wp\/v2\/pages"}],"about":[{"href":"https:\/\/www.investment.com.al\/sq\/wp-json\/wp\/v2\/types\/page"}],"author":[{"embeddable":true,"href":"https:\/\/www.investment.com.al\/sq\/wp-json\/wp\/v2\/users\/1"}],"replies":[{"embeddable":true,"href":"https:\/\/www.investment.com.al\/sq\/wp-json\/wp\/v2\/comments?post=3892"}],"version-history":[{"count":34,"href":"https:\/\/www.investment.com.al\/sq\/wp-json\/wp\/v2\/pages\/3892\/revisions"}],"predecessor-version":[{"id":9210,"href":"https:\/\/www.investment.com.al\/sq\/wp-json\/wp\/v2\/pages\/3892\/revisions\/9210"}],"wp:attachment":[{"href":"https:\/\/www.investment.com.al\/sq\/wp-json\/wp\/v2\/media?parent=3892"}],"curies":[{"name":"wp","href":"https:\/\/api.w.org\/{rel}","templated":true}]}}