{"id":4100,"date":"2022-12-06T09:15:24","date_gmt":"2022-12-06T09:15:24","guid":{"rendered":"https:\/\/investment.com.al\/informal-economy\/"},"modified":"2024-05-07T07:46:31","modified_gmt":"2024-05-07T07:46:31","slug":"ekonomia-informale","status":"publish","type":"page","link":"https:\/\/www.investment.com.al\/sq\/ekonomia-informale\/","title":{"rendered":"Ekonomia Informale"},"content":{"rendered":"\t\t<div data-elementor-type=\"wp-page\" data-elementor-id=\"4100\" class=\"elementor elementor-4100 elementor-475\" data-elementor-post-type=\"page\">\n\t\t\t\t\t\t\t\t\t<section class=\"elementor-section elementor-top-section elementor-element elementor-element-f59beb2 elementor-section-boxed elementor-section-height-default elementor-section-height-default\" data-id=\"f59beb2\" data-element_type=\"section\" data-settings=\"{&quot;background_background&quot;:&quot;classic&quot;,&quot;sticky&quot;:&quot;top&quot;,&quot;sticky_offset&quot;:110,&quot;sticky_offset_tablet&quot;:95,&quot;sticky_offset_mobile&quot;:70,&quot;sticky_on&quot;:[&quot;desktop&quot;,&quot;laptop&quot;,&quot;tablet_extra&quot;,&quot;tablet&quot;,&quot;mobile_extra&quot;,&quot;mobile&quot;],&quot;sticky_effects_offset&quot;:0}\">\n\t\t\t\t\t\t<div class=\"elementor-container elementor-column-gap-default\">\n\t\t\t\t\t<div class=\"elementor-column elementor-col-100 elementor-top-column elementor-element elementor-element-f6c596f\" data-id=\"f6c596f\" data-element_type=\"column\">\n\t\t\t<div class=\"elementor-widget-wrap elementor-element-populated\">\n\t\t\t\t\t\t\t\t\t<\/div>\n\t\t<\/div>\n\t\t\t\t\t\t\t<\/div>\n\t\t<\/section>\n\t\t\t\t<div class=\"elementor-section elementor-top-section elementor-element elementor-element-4039fee elementor-section-boxed elementor-section-height-default elementor-section-height-default\" data-id=\"4039fee\" data-element_type=\"section\">\n\t\t\t\t\t\t<div class=\"elementor-container elementor-column-gap-no\">\n\t\t\t\t\t<div class=\"elementor-column elementor-col-100 elementor-top-column elementor-element elementor-element-67c0586\" data-id=\"67c0586\" data-element_type=\"column\" data-settings=\"{&quot;background_background&quot;:&quot;classic&quot;}\">\n\t\t\t<div class=\"elementor-widget-wrap elementor-element-populated\">\n\t\t\t\t\t\t\t\t<div class=\"elementor-element elementor-element-7582268 elementor-position-left elementor-vertical-align-middle custom-image-bo custom-image-boxx elementor-widget elementor-widget-image-box\" data-id=\"7582268\" data-element_type=\"widget\" data-widget_type=\"image-box.default\">\n\t\t\t\t<div class=\"elementor-widget-container\">\n\t\t\t<style>.elementor-widget-image-box .elementor-image-box-content{width:100%}@media (min-width:768px){.elementor-widget-image-box.elementor-position-left .elementor-image-box-wrapper,.elementor-widget-image-box.elementor-position-right .elementor-image-box-wrapper{display:flex}.elementor-widget-image-box.elementor-position-right .elementor-image-box-wrapper{text-align:right;flex-direction:row-reverse}.elementor-widget-image-box.elementor-position-left .elementor-image-box-wrapper{text-align:left;flex-direction:row}.elementor-widget-image-box.elementor-position-top .elementor-image-box-img{margin:auto}.elementor-widget-image-box.elementor-vertical-align-top .elementor-image-box-wrapper{align-items:flex-start}.elementor-widget-image-box.elementor-vertical-align-middle .elementor-image-box-wrapper{align-items:center}.elementor-widget-image-box.elementor-vertical-align-bottom .elementor-image-box-wrapper{align-items:flex-end}}@media (max-width:767px){.elementor-widget-image-box .elementor-image-box-img{margin-left:auto!important;margin-right:auto!important;margin-bottom:15px}}.elementor-widget-image-box .elementor-image-box-img{display:inline-block}.elementor-widget-image-box .elementor-image-box-title a{color:inherit}.elementor-widget-image-box .elementor-image-box-wrapper{text-align:center}.elementor-widget-image-box .elementor-image-box-description{margin:0}<\/style><div class=\"elementor-image-box-wrapper\"><figure class=\"elementor-image-box-img\"><a href=\"\/wp-content\/uploads\/2024\/05\/Keshilli-Investimeve-Sfidat-e-Sektorit-Privat-Infomaliteti-Produktiviteti-dhe-Inovacioni.pdf\" tabindex=\"-1\"><img fetchpriority=\"high\" decoding=\"async\" width=\"1270\" height=\"1535\" src=\"https:\/\/www.investment.com.al\/wp-content\/uploads\/2024\/05\/Cover-NT_25-shqip.jpg\" class=\"attachment-full size-full wp-image-10023\" alt=\"\" srcset=\"https:\/\/www.investment.com.al\/wp-content\/uploads\/2024\/05\/Cover-NT_25-shqip.jpg 1270w, https:\/\/www.investment.com.al\/wp-content\/uploads\/2024\/05\/Cover-NT_25-shqip-248x300.jpg 248w, https:\/\/www.investment.com.al\/wp-content\/uploads\/2024\/05\/Cover-NT_25-shqip-847x1024.jpg 847w, https:\/\/www.investment.com.al\/wp-content\/uploads\/2024\/05\/Cover-NT_25-shqip-768x928.jpg 768w, https:\/\/www.investment.com.al\/wp-content\/uploads\/2024\/05\/Cover-NT_25-shqip-350x423.jpg 350w, https:\/\/www.investment.com.al\/wp-content\/uploads\/2024\/05\/Cover-NT_25-shqip-370x447.jpg 370w, https:\/\/www.investment.com.al\/wp-content\/uploads\/2024\/05\/Cover-NT_25-shqip-255x308.jpg 255w, https:\/\/www.investment.com.al\/wp-content\/uploads\/2024\/05\/Cover-NT_25-shqip-285x344.jpg 285w\" sizes=\"(max-width: 1270px) 100vw, 1270px\" \/><\/a><\/figure><div class=\"elementor-image-box-content\"><h3 class=\"elementor-image-box-title\"><a href=\"\/wp-content\/uploads\/2024\/05\/Keshilli-Investimeve-Sfidat-e-Sektorit-Privat-Infomaliteti-Produktiviteti-dhe-Inovacioni.pdf\">Dokument Pune | Mars 2024<\/a><\/h3><p class=\"elementor-image-box-description\">Sfidat e Sektorit Privat: Informaliteti, Produktiviteti dhe Inovacioni<\/p><\/div><\/div>\t\t<\/div>\n\t\t\t\t<\/div>\n\t\t\t\t<div class=\"elementor-element elementor-element-455f34b elementor-position-left elementor-vertical-align-middle custom-image-bo elementor-widget elementor-widget-image-box\" data-id=\"455f34b\" data-element_type=\"widget\" data-widget_type=\"image-box.default\">\n\t\t\t\t<div class=\"elementor-widget-container\">\n\t\t\t<div class=\"elementor-image-box-wrapper\"><figure class=\"elementor-image-box-img\"><a href=\"\/wp-content\/uploads\/2023\/01\/Dokument-Pune-12-\u2013-Mbi-Formalizimin-dhe-Konkurrueshmerine-ne-Sektorin-e-Turizmit.pdf\" tabindex=\"-1\"><img decoding=\"async\" width=\"196\" height=\"226\" src=\"https:\/\/www.investment.com.al\/wp-content\/uploads\/2022\/12\/12.png\" class=\"attachment-full size-full wp-image-4646\" alt=\"\" \/><\/a><\/figure><div class=\"elementor-image-box-content\"><h3 class=\"elementor-image-box-title\"><a href=\"\/wp-content\/uploads\/2023\/01\/Dokument-Pune-12-\u2013-Mbi-Formalizimin-dhe-Konkurrueshmerine-ne-Sektorin-e-Turizmit.pdf\">Dokument Pune | Tetor 2018<\/a><\/h3><p class=\"elementor-image-box-description\">Mbi Formalizimin dhe Konkurrueshm\u00ebrin\u00eb n\u00eb Sektorin e Turizmit<\/p><\/div><\/div>\t\t<\/div>\n\t\t\t\t<\/div>\n\t\t\t\t<div class=\"elementor-element elementor-element-6051d4a elementor-position-left elementor-vertical-align-middle custom-image-bo elementor-widget elementor-widget-image-box\" data-id=\"6051d4a\" data-element_type=\"widget\" data-widget_type=\"image-box.default\">\n\t\t\t\t<div class=\"elementor-widget-container\">\n\t\t\t<div class=\"elementor-image-box-wrapper\"><figure class=\"elementor-image-box-img\"><a href=\"\/wp-content\/uploads\/2023\/01\/Dokument-Pune-5-\u2013-Per-Formalizimin-ne-Bujqesi-Mirefunksionimi-i-Skemes-se-Kompensimit-te-TVSH-se-dhe-Nxitja-e-Investimeve.pdf\" tabindex=\"-1\"><img decoding=\"async\" width=\"196\" height=\"226\" src=\"https:\/\/www.investment.com.al\/wp-content\/uploads\/2022\/12\/05.png\" class=\"attachment-full size-full wp-image-4645\" alt=\"\" \/><\/a><\/figure><div class=\"elementor-image-box-content\"><h3 class=\"elementor-image-box-title\"><a href=\"\/wp-content\/uploads\/2023\/01\/Dokument-Pune-5-\u2013-Per-Formalizimin-ne-Bujqesi-Mirefunksionimi-i-Skemes-se-Kompensimit-te-TVSH-se-dhe-Nxitja-e-Investimeve.pdf\">Dokument Pune | Qershor 2016<\/a><\/h3><p class=\"elementor-image-box-description\">P\u00ebr Formalizimin n\u00eb Bujq\u00ebsi, Mir\u00ebfunksionimi i Skem\u00ebs s\u00eb Kompensimit t\u00eb TVSH-s\u00eb dhe Nxitja e Investimeve<\/p><\/div><\/div>\t\t<\/div>\n\t\t\t\t<\/div>\n\t\t\t\t<div class=\"elementor-element elementor-element-53e1d2e elementor-position-left elementor-vertical-align-middle custom-image-bo elementor-widget elementor-widget-image-box\" data-id=\"53e1d2e\" data-element_type=\"widget\" data-widget_type=\"image-box.default\">\n\t\t\t\t<div class=\"elementor-widget-container\">\n\t\t\t<div class=\"elementor-image-box-wrapper\"><figure class=\"elementor-image-box-img\"><a href=\"\/wp-content\/uploads\/2023\/01\/Dokument-Pune-2-\u2013-Informaliteti-Sfide-e-Perbashket-Qeveri-Sipermarrje.pdf\" tabindex=\"-1\"><img loading=\"lazy\" decoding=\"async\" width=\"196\" height=\"226\" src=\"https:\/\/www.investment.com.al\/wp-content\/uploads\/2022\/12\/02.png\" class=\"attachment-full size-full wp-image-4101\" alt=\"\" \/><\/a><\/figure><div class=\"elementor-image-box-content\"><h3 class=\"elementor-image-box-title\"><a href=\"\/wp-content\/uploads\/2023\/01\/Dokument-Pune-2-\u2013-Informaliteti-Sfide-e-Perbashket-Qeveri-Sipermarrje.pdf\">Dokument Pune | Dhjetor 2015<\/a><\/h3><p class=\"elementor-image-box-description\">Informaliteti, Sfid\u00eb e P\u00ebrbashk\u00ebt Qeveri-Sip\u00ebrmarrje<\/p><\/div><\/div>\t\t<\/div>\n\t\t\t\t<\/div>\n\t\t\t\t\t<\/div>\n\t\t<\/div>\n\t\t\t\t\t\t\t<\/div>\n\t\t<\/div>\n\t\t\t\t\t\t\t<\/div>\n\t\t","protected":false},"excerpt":{"rendered":"<p>Dokument Pune | Mars 2024 Sfidat e Sektorit Privat: Informaliteti, Produktiviteti dhe Inovacioni Dokument Pune | Tetor 2018 Mbi Formalizimin dhe Konkurrueshm\u00ebrin\u00eb n\u00eb Sektorin e Turizmit Dokument Pune | Qershor 2016 P\u00ebr Formalizimin n\u00eb Bujq\u00ebsi, Mir\u00ebfunksionimi i Skem\u00ebs s\u00eb Kompensimit t\u00eb TVSH-s\u00eb dhe Nxitja e Investimeve Dokument Pune | Dhjetor 2015 Informaliteti, Sfid\u00eb e P\u00ebrbashk\u00ebt [&hellip;]<\/p>\n","protected":false},"author":1,"featured_media":0,"parent":0,"menu_order":0,"comment_status":"closed","ping_status":"closed","template":"elementor_header_footer","meta":{"footnotes":""},"class_list":["post-4100","page","type-page","status-publish","hentry"],"acf":[],"_links":{"self":[{"href":"https:\/\/www.investment.com.al\/sq\/wp-json\/wp\/v2\/pages\/4100","targetHints":{"allow":["GET"]}}],"collection":[{"href":"https:\/\/www.investment.com.al\/sq\/wp-json\/wp\/v2\/pages"}],"about":[{"href":"https:\/\/www.investment.com.al\/sq\/wp-json\/wp\/v2\/types\/page"}],"author":[{"embeddable":true,"href":"https:\/\/www.investment.com.al\/sq\/wp-json\/wp\/v2\/users\/1"}],"replies":[{"embeddable":true,"href":"https:\/\/www.investment.com.al\/sq\/wp-json\/wp\/v2\/comments?post=4100"}],"version-history":[{"count":19,"href":"https:\/\/www.investment.com.al\/sq\/wp-json\/wp\/v2\/pages\/4100\/revisions"}],"predecessor-version":[{"id":10044,"href":"https:\/\/www.investment.com.al\/sq\/wp-json\/wp\/v2\/pages\/4100\/revisions\/10044"}],"wp:attachment":[{"href":"https:\/\/www.investment.com.al\/sq\/wp-json\/wp\/v2\/media?parent=4100"}],"curies":[{"name":"wp","href":"https:\/\/api.w.org\/{rel}","templated":true}]}}