{"id":4108,"date":"2022-12-06T09:27:40","date_gmt":"2022-12-06T09:27:40","guid":{"rendered":"https:\/\/investment.com.al\/rule-of-law\/"},"modified":"2023-01-23T14:02:50","modified_gmt":"2023-01-23T14:02:50","slug":"kuadri-ligjor-2","status":"publish","type":"page","link":"https:\/\/www.investment.com.al\/sq\/kuadri-ligjor-2\/","title":{"rendered":"Kuadri Ligjor"},"content":{"rendered":"\t\t<div data-elementor-type=\"wp-page\" data-elementor-id=\"4108\" class=\"elementor elementor-4108 elementor-488\" data-elementor-post-type=\"page\">\n\t\t\t\t\t\t\t\t\t<section class=\"elementor-section elementor-top-section elementor-element elementor-element-b1ed727 elementor-section-boxed elementor-section-height-default elementor-section-height-default\" data-id=\"b1ed727\" data-element_type=\"section\" data-settings=\"{&quot;background_background&quot;:&quot;classic&quot;,&quot;sticky&quot;:&quot;top&quot;,&quot;sticky_offset&quot;:110,&quot;sticky_offset_tablet&quot;:95,&quot;sticky_offset_mobile&quot;:70,&quot;sticky_on&quot;:[&quot;desktop&quot;,&quot;laptop&quot;,&quot;tablet_extra&quot;,&quot;tablet&quot;,&quot;mobile_extra&quot;,&quot;mobile&quot;],&quot;sticky_effects_offset&quot;:0}\">\n\t\t\t\t\t\t<div class=\"elementor-container elementor-column-gap-default\">\n\t\t\t\t\t<div class=\"elementor-column elementor-col-100 elementor-top-column elementor-element elementor-element-fed82ca\" data-id=\"fed82ca\" data-element_type=\"column\">\n\t\t\t<div class=\"elementor-widget-wrap elementor-element-populated\">\n\t\t\t\t\t\t\t\t\t<\/div>\n\t\t<\/div>\n\t\t\t\t\t\t\t<\/div>\n\t\t<\/section>\n\t\t\t\t<div class=\"elementor-section elementor-top-section elementor-element elementor-element-e649b14 elementor-section-boxed elementor-section-height-default elementor-section-height-default\" data-id=\"e649b14\" data-element_type=\"section\">\n\t\t\t\t\t\t<div class=\"elementor-container elementor-column-gap-no\">\n\t\t\t\t\t<div class=\"elementor-column elementor-col-100 elementor-top-column elementor-element elementor-element-8317b6a\" data-id=\"8317b6a\" data-element_type=\"column\" data-settings=\"{&quot;background_background&quot;:&quot;classic&quot;}\">\n\t\t\t<div class=\"elementor-widget-wrap elementor-element-populated\">\n\t\t\t\t\t\t\t\t<div class=\"elementor-element elementor-element-072891a elementor-position-left elementor-vertical-align-middle custom-image-bo elementor-widget elementor-widget-image-box\" data-id=\"072891a\" data-element_type=\"widget\" data-widget_type=\"image-box.default\">\n\t\t\t\t<div class=\"elementor-widget-container\">\n\t\t\t<style>.elementor-widget-image-box .elementor-image-box-content{width:100%}@media (min-width:768px){.elementor-widget-image-box.elementor-position-left .elementor-image-box-wrapper,.elementor-widget-image-box.elementor-position-right .elementor-image-box-wrapper{display:flex}.elementor-widget-image-box.elementor-position-right .elementor-image-box-wrapper{text-align:right;flex-direction:row-reverse}.elementor-widget-image-box.elementor-position-left .elementor-image-box-wrapper{text-align:left;flex-direction:row}.elementor-widget-image-box.elementor-position-top .elementor-image-box-img{margin:auto}.elementor-widget-image-box.elementor-vertical-align-top .elementor-image-box-wrapper{align-items:flex-start}.elementor-widget-image-box.elementor-vertical-align-middle .elementor-image-box-wrapper{align-items:center}.elementor-widget-image-box.elementor-vertical-align-bottom .elementor-image-box-wrapper{align-items:flex-end}}@media (max-width:767px){.elementor-widget-image-box .elementor-image-box-img{margin-left:auto!important;margin-right:auto!important;margin-bottom:15px}}.elementor-widget-image-box .elementor-image-box-img{display:inline-block}.elementor-widget-image-box .elementor-image-box-title a{color:inherit}.elementor-widget-image-box .elementor-image-box-wrapper{text-align:center}.elementor-widget-image-box .elementor-image-box-description{margin:0}<\/style><div class=\"elementor-image-box-wrapper\"><figure class=\"elementor-image-box-img\"><a href=\"\/wp-content\/uploads\/2023\/01\/AL_Konsultimi-Publik-si-nje-mjet-efektiv-per-permiresimin-e-dialogut-publik-privat.pdf\" tabindex=\"-1\"><img decoding=\"async\" width=\"196\" height=\"226\" src=\"https:\/\/www.investment.com.al\/wp-content\/uploads\/2023\/01\/Konsultimi-publik-si-nje-mjet-efektiv-per-permiresimin-e-vendimmarrjes-dhe-dialogut-biznes-institucione.png\" class=\"attachment-full size-full wp-image-7570\" alt=\"\" \/><\/a><\/figure><div class=\"elementor-image-box-content\"><h3 class=\"elementor-image-box-title\"><a href=\"\/wp-content\/uploads\/2023\/01\/AL_Konsultimi-Publik-si-nje-mjet-efektiv-per-permiresimin-e-dialogut-publik-privat.pdf\">Dokument Pune | Maj 2022<\/a><\/h3><p class=\"elementor-image-box-description\">Konsultimi publik si nj\u00eb mjet efektiv p\u00ebr p\u00ebrmir\u00ebsimin e vendimmarrjes dhe dialogut biznes-institucione<\/p><\/div><\/div>\t\t<\/div>\n\t\t\t\t<\/div>\n\t\t\t\t<div class=\"elementor-element elementor-element-8f950f2 elementor-position-left elementor-vertical-align-middle custom-image-bo elementor-widget elementor-widget-image-box\" data-id=\"8f950f2\" data-element_type=\"widget\" data-widget_type=\"image-box.default\">\n\t\t\t\t<div class=\"elementor-widget-container\">\n\t\t\t<div class=\"elementor-image-box-wrapper\"><figure class=\"elementor-image-box-img\"><a href=\"\/wp-content\/uploads\/2023\/01\/Dokument-Pune-16-\u2013-Nderveprimi-Biznes-Bashki-Mbi-Transparencen-Sherbimet-dhe-Zhvillimin-Ekonomik-Vendor.pdf\" tabindex=\"-1\"><img decoding=\"async\" width=\"196\" height=\"226\" src=\"https:\/\/www.investment.com.al\/wp-content\/uploads\/2023\/01\/Bashki-Biznes.png\" class=\"attachment-full size-full wp-image-7573\" alt=\"\" \/><\/a><\/figure><div class=\"elementor-image-box-content\"><h3 class=\"elementor-image-box-title\"><a href=\"\/wp-content\/uploads\/2023\/01\/Dokument-Pune-16-\u2013-Nderveprimi-Biznes-Bashki-Mbi-Transparencen-Sherbimet-dhe-Zhvillimin-Ekonomik-Vendor.pdf\">Dokument Pune | Maj 2019<\/a><\/h3><p class=\"elementor-image-box-description\">Nd\u00ebrveprimi Biznes-Bashki, Mbi Transparenc\u00ebn, Sh\u00ebrbimet dhe Zhvillimin Ekonomik Vendor<\/p><\/div><\/div>\t\t<\/div>\n\t\t\t\t<\/div>\n\t\t\t\t<div class=\"elementor-element elementor-element-c52b3dd elementor-position-left elementor-vertical-align-middle custom-image-bo elementor-widget elementor-widget-image-box\" data-id=\"c52b3dd\" data-element_type=\"widget\" data-widget_type=\"image-box.default\">\n\t\t\t\t<div class=\"elementor-widget-container\">\n\t\t\t<div class=\"elementor-image-box-wrapper\"><figure class=\"elementor-image-box-img\"><a href=\"\/wp-content\/uploads\/2023\/01\/Dokument-Pune-13-\u2013-Klima-e-Investimeve-Mbi-Inspektimet-2018.pdf\" tabindex=\"-1\"><img decoding=\"async\" width=\"196\" height=\"226\" src=\"https:\/\/www.investment.com.al\/wp-content\/uploads\/2023\/01\/KLIMA-E-INVESTIMEVE-2018.png\" class=\"attachment-full size-full wp-image-7575\" alt=\"\" \/><\/a><\/figure><div class=\"elementor-image-box-content\"><h3 class=\"elementor-image-box-title\"><a href=\"\/wp-content\/uploads\/2023\/01\/Dokument-Pune-13-\u2013-Klima-e-Investimeve-Mbi-Inspektimet-2018.pdf\">Dokument Pune | Janar 2019<\/a><\/h3><p class=\"elementor-image-box-description\">Klima e Investimeve 2018, mbi inspektimet<\/p><\/div><\/div>\t\t<\/div>\n\t\t\t\t<\/div>\n\t\t\t\t<div class=\"elementor-element elementor-element-b2909aa elementor-position-left elementor-vertical-align-middle custom-image-bo elementor-widget elementor-widget-image-box\" data-id=\"b2909aa\" data-element_type=\"widget\" data-widget_type=\"image-box.default\">\n\t\t\t\t<div class=\"elementor-widget-container\">\n\t\t\t<div class=\"elementor-image-box-wrapper\"><figure class=\"elementor-image-box-img\"><a href=\"\/wp-content\/uploads\/2023\/01\/Dokument-Pune-10-\u2013-Mbi-Funksionimin-e-Platformes-e-Leje-dhe-Impaktin-e-saj-ne-Permiresimin-e-Klimes-se-Investimeve.pdf\" tabindex=\"-1\"><img loading=\"lazy\" decoding=\"async\" width=\"196\" height=\"226\" src=\"https:\/\/www.investment.com.al\/wp-content\/uploads\/2023\/01\/E-lejet.png\" class=\"attachment-full size-full wp-image-7577\" alt=\"\" \/><\/a><\/figure><div class=\"elementor-image-box-content\"><h3 class=\"elementor-image-box-title\"><a href=\"\/wp-content\/uploads\/2023\/01\/Dokument-Pune-10-\u2013-Mbi-Funksionimin-e-Platformes-e-Leje-dhe-Impaktin-e-saj-ne-Permiresimin-e-Klimes-se-Investimeve.pdf\">Dokument Pune | Janar 2018<\/a><\/h3><p class=\"elementor-image-box-description\">Mbi funksionimin e platform\u00ebs E-LEJET\ndhe ndikimin e saj n\u00eb p\u00ebrmir\u00ebsimin e\nklim\u00ebs s\u00eb Investimeve<\/p><\/div><\/div>\t\t<\/div>\n\t\t\t\t<\/div>\n\t\t\t\t<div class=\"elementor-element elementor-element-6194d80 elementor-position-left elementor-vertical-align-middle custom-image-bo elementor-widget elementor-widget-image-box\" data-id=\"6194d80\" data-element_type=\"widget\" data-widget_type=\"image-box.default\">\n\t\t\t\t<div class=\"elementor-widget-container\">\n\t\t\t<div class=\"elementor-image-box-wrapper\"><figure class=\"elementor-image-box-img\"><a href=\"\/wp-content\/uploads\/2023\/01\/Dokument-Pune-3-\u2013-Per-Permiresimin-e-Mekanizmave-te-Zgjidhjes-se-Mosmarreveshjeve-midis-Biznesit-dhe-Administrates-Publike.pdf\" tabindex=\"-1\"><img loading=\"lazy\" decoding=\"async\" width=\"196\" height=\"226\" src=\"https:\/\/www.investment.com.al\/wp-content\/uploads\/2023\/01\/Per-permiresimin-e-mekanizmit-te-zgjidhjes-se-mosmarreveshjeve-ndermjet-biznesit-dhe-administrates-publike.png\" class=\"attachment-full size-full wp-image-7579\" alt=\"\" \/><\/a><\/figure><div class=\"elementor-image-box-content\"><h3 class=\"elementor-image-box-title\"><a href=\"\/wp-content\/uploads\/2023\/01\/Dokument-Pune-3-\u2013-Per-Permiresimin-e-Mekanizmave-te-Zgjidhjes-se-Mosmarreveshjeve-midis-Biznesit-dhe-Administrates-Publike.pdf\">Dokument Pune | Shkurt 2016<\/a><\/h3><p class=\"elementor-image-box-description\">P\u00ebr p\u00ebrmir\u00ebsimin e mekanizmit t\u00eb\nzgjidhjes s\u00eb mosmarr\u00ebveshjeve\nnd\u00ebrmjet biznesit dhe administrat\u00ebs\npublike<\/p><\/div><\/div>\t\t<\/div>\n\t\t\t\t<\/div>\n\t\t\t\t\t<\/div>\n\t\t<\/div>\n\t\t\t\t\t\t\t<\/div>\n\t\t<\/div>\n\t\t\t\t\t\t\t<\/div>\n\t\t","protected":false},"excerpt":{"rendered":"<p>Dokument Pune | Maj 2022 Konsultimi publik si nj\u00eb mjet efektiv p\u00ebr p\u00ebrmir\u00ebsimin e vendimmarrjes dhe dialogut biznes-institucione Dokument Pune | Maj 2019 Nd\u00ebrveprimi Biznes-Bashki, Mbi Transparenc\u00ebn, Sh\u00ebrbimet dhe Zhvillimin Ekonomik Vendor Dokument Pune | Janar 2019 Klima e Investimeve 2018, mbi inspektimet Dokument Pune | Janar 2018 Mbi funksionimin e platform\u00ebs E-LEJET dhe ndikimin [&hellip;]<\/p>\n","protected":false},"author":1,"featured_media":0,"parent":0,"menu_order":0,"comment_status":"closed","ping_status":"closed","template":"elementor_header_footer","meta":{"footnotes":""},"class_list":["post-4108","page","type-page","status-publish","hentry"],"acf":[],"_links":{"self":[{"href":"https:\/\/www.investment.com.al\/sq\/wp-json\/wp\/v2\/pages\/4108","targetHints":{"allow":["GET"]}}],"collection":[{"href":"https:\/\/www.investment.com.al\/sq\/wp-json\/wp\/v2\/pages"}],"about":[{"href":"https:\/\/www.investment.com.al\/sq\/wp-json\/wp\/v2\/types\/page"}],"author":[{"embeddable":true,"href":"https:\/\/www.investment.com.al\/sq\/wp-json\/wp\/v2\/users\/1"}],"replies":[{"embeddable":true,"href":"https:\/\/www.investment.com.al\/sq\/wp-json\/wp\/v2\/comments?post=4108"}],"version-history":[{"count":13,"href":"https:\/\/www.investment.com.al\/sq\/wp-json\/wp\/v2\/pages\/4108\/revisions"}],"predecessor-version":[{"id":7583,"href":"https:\/\/www.investment.com.al\/sq\/wp-json\/wp\/v2\/pages\/4108\/revisions\/7583"}],"wp:attachment":[{"href":"https:\/\/www.investment.com.al\/sq\/wp-json\/wp\/v2\/media?parent=4108"}],"curies":[{"name":"wp","href":"https:\/\/api.w.org\/{rel}","templated":true}]}}