{"id":4113,"date":"2022-12-06T09:32:48","date_gmt":"2022-12-06T09:32:48","guid":{"rendered":"https:\/\/investment.com.al\/investment-potentials-and-incentives\/"},"modified":"2025-10-09T15:11:41","modified_gmt":"2025-10-09T15:11:41","slug":"potencialet-dhe-stimujt-e-investimeve","status":"publish","type":"page","link":"https:\/\/www.investment.com.al\/sq\/potencialet-dhe-stimujt-e-investimeve\/","title":{"rendered":"Potencialet dhe Stimujt e Investimeve"},"content":{"rendered":"\t\t<div data-elementor-type=\"wp-page\" data-elementor-id=\"4113\" class=\"elementor elementor-4113 elementor-497\" data-elementor-post-type=\"page\">\n\t\t\t\t\t\t\t\t\t<section class=\"elementor-section elementor-top-section elementor-element elementor-element-6a9bbf7 elementor-section-boxed elementor-section-height-default elementor-section-height-default\" data-id=\"6a9bbf7\" data-element_type=\"section\" data-settings=\"{&quot;background_background&quot;:&quot;classic&quot;,&quot;sticky&quot;:&quot;top&quot;,&quot;sticky_offset&quot;:110,&quot;sticky_offset_tablet&quot;:95,&quot;sticky_offset_mobile&quot;:70,&quot;sticky_on&quot;:[&quot;desktop&quot;,&quot;laptop&quot;,&quot;tablet_extra&quot;,&quot;tablet&quot;,&quot;mobile_extra&quot;,&quot;mobile&quot;],&quot;sticky_effects_offset&quot;:0}\">\n\t\t\t\t\t\t<div class=\"elementor-container elementor-column-gap-default\">\n\t\t\t\t\t<div class=\"elementor-column elementor-col-100 elementor-top-column elementor-element elementor-element-4320813\" data-id=\"4320813\" data-element_type=\"column\">\n\t\t\t<div class=\"elementor-widget-wrap elementor-element-populated\">\n\t\t\t\t\t\t\t\t\t<\/div>\n\t\t<\/div>\n\t\t\t\t\t\t\t<\/div>\n\t\t<\/section>\n\t\t\t\t<div class=\"elementor-section elementor-top-section elementor-element elementor-element-377275c elementor-section-boxed elementor-section-height-default elementor-section-height-default\" data-id=\"377275c\" data-element_type=\"section\">\n\t\t\t\t\t\t<div class=\"elementor-container elementor-column-gap-no\">\n\t\t\t\t\t<div class=\"elementor-column elementor-col-100 elementor-top-column elementor-element elementor-element-9b52938\" data-id=\"9b52938\" data-element_type=\"column\" data-settings=\"{&quot;background_background&quot;:&quot;classic&quot;}\">\n\t\t\t<div class=\"elementor-widget-wrap elementor-element-populated\">\n\t\t\t\t\t\t\t\t<div class=\"elementor-element elementor-element-10294db elementor-position-left elementor-vertical-align-middle custom-image-bo custom-image-boxx elementor-widget elementor-widget-image-box\" data-id=\"10294db\" data-element_type=\"widget\" data-widget_type=\"image-box.default\">\n\t\t\t\t<div class=\"elementor-widget-container\">\n\t\t\t<style>.elementor-widget-image-box .elementor-image-box-content{width:100%}@media (min-width:768px){.elementor-widget-image-box.elementor-position-left .elementor-image-box-wrapper,.elementor-widget-image-box.elementor-position-right .elementor-image-box-wrapper{display:flex}.elementor-widget-image-box.elementor-position-right .elementor-image-box-wrapper{text-align:right;flex-direction:row-reverse}.elementor-widget-image-box.elementor-position-left .elementor-image-box-wrapper{text-align:left;flex-direction:row}.elementor-widget-image-box.elementor-position-top .elementor-image-box-img{margin:auto}.elementor-widget-image-box.elementor-vertical-align-top .elementor-image-box-wrapper{align-items:flex-start}.elementor-widget-image-box.elementor-vertical-align-middle .elementor-image-box-wrapper{align-items:center}.elementor-widget-image-box.elementor-vertical-align-bottom .elementor-image-box-wrapper{align-items:flex-end}}@media (max-width:767px){.elementor-widget-image-box .elementor-image-box-img{margin-left:auto!important;margin-right:auto!important;margin-bottom:15px}}.elementor-widget-image-box .elementor-image-box-img{display:inline-block}.elementor-widget-image-box .elementor-image-box-title a{color:inherit}.elementor-widget-image-box .elementor-image-box-wrapper{text-align:center}.elementor-widget-image-box .elementor-image-box-description{margin:0}<\/style><div class=\"elementor-image-box-wrapper\"><figure class=\"elementor-image-box-img\"><a href=\"https:\/\/www.investment.com.al\/wp-content\/uploads\/2025\/10\/Keshilli-i-Investimeve_Mbi-Digjitalizimin-e-Sherbimeve-Publike-Vendore-per-Biznesin.pdf\" target=\"_blank\" tabindex=\"-1\"><img fetchpriority=\"high\" decoding=\"async\" width=\"1270\" height=\"1535\" src=\"https:\/\/www.investment.com.al\/wp-content\/uploads\/2025\/10\/Keshilli-i-Investimeve_Mbi-Digjitalizimin-e-Sherbimeve-Publike-Vendore-per-Biznesin.jpg\" class=\"attachment-full size-full wp-image-11130\" alt=\"\" srcset=\"https:\/\/www.investment.com.al\/wp-content\/uploads\/2025\/10\/Keshilli-i-Investimeve_Mbi-Digjitalizimin-e-Sherbimeve-Publike-Vendore-per-Biznesin.jpg 1270w, https:\/\/www.investment.com.al\/wp-content\/uploads\/2025\/10\/Keshilli-i-Investimeve_Mbi-Digjitalizimin-e-Sherbimeve-Publike-Vendore-per-Biznesin-248x300.jpg 248w, https:\/\/www.investment.com.al\/wp-content\/uploads\/2025\/10\/Keshilli-i-Investimeve_Mbi-Digjitalizimin-e-Sherbimeve-Publike-Vendore-per-Biznesin-847x1024.jpg 847w, https:\/\/www.investment.com.al\/wp-content\/uploads\/2025\/10\/Keshilli-i-Investimeve_Mbi-Digjitalizimin-e-Sherbimeve-Publike-Vendore-per-Biznesin-768x928.jpg 768w, https:\/\/www.investment.com.al\/wp-content\/uploads\/2025\/10\/Keshilli-i-Investimeve_Mbi-Digjitalizimin-e-Sherbimeve-Publike-Vendore-per-Biznesin-350x423.jpg 350w, https:\/\/www.investment.com.al\/wp-content\/uploads\/2025\/10\/Keshilli-i-Investimeve_Mbi-Digjitalizimin-e-Sherbimeve-Publike-Vendore-per-Biznesin-370x447.jpg 370w, https:\/\/www.investment.com.al\/wp-content\/uploads\/2025\/10\/Keshilli-i-Investimeve_Mbi-Digjitalizimin-e-Sherbimeve-Publike-Vendore-per-Biznesin-255x308.jpg 255w, https:\/\/www.investment.com.al\/wp-content\/uploads\/2025\/10\/Keshilli-i-Investimeve_Mbi-Digjitalizimin-e-Sherbimeve-Publike-Vendore-per-Biznesin-285x344.jpg 285w\" sizes=\"(max-width: 1270px) 100vw, 1270px\" \/><\/a><\/figure><div class=\"elementor-image-box-content\"><h3 class=\"elementor-image-box-title\"><a href=\"https:\/\/www.investment.com.al\/wp-content\/uploads\/2025\/10\/Keshilli-i-Investimeve_Mbi-Digjitalizimin-e-Sherbimeve-Publike-Vendore-per-Biznesin.pdf\" target=\"_blank\">Dokument Pune | Mars 2025<\/a><\/h3><p class=\"elementor-image-box-description\">Mbi Digjitalizimin e Sh\u00ebrbimeve Publike Vendore p\u00ebr Biznesin<\/p><\/div><\/div>\t\t<\/div>\n\t\t\t\t<\/div>\n\t\t\t\t<div class=\"elementor-element elementor-element-f799d1b elementor-position-left elementor-vertical-align-middle custom-image-bo custom-image-boxx elementor-widget elementor-widget-image-box\" data-id=\"f799d1b\" data-element_type=\"widget\" data-widget_type=\"image-box.default\">\n\t\t\t\t<div class=\"elementor-widget-container\">\n\t\t\t<div class=\"elementor-image-box-wrapper\"><figure class=\"elementor-image-box-img\"><a href=\"\/wp-content\/uploads\/2024\/12\/Keshilli-Investimeve_Aksesi-ne-Finance-per-NMVM-te.pdf\" target=\"_blank\" tabindex=\"-1\"><img decoding=\"async\" width=\"1270\" height=\"1535\" src=\"https:\/\/www.investment.com.al\/wp-content\/uploads\/2024\/12\/Keshilli-Investimeve_Aksesi-ne-Finance-per-NMVM-te.jpg\" class=\"attachment-full size-full wp-image-10445\" alt=\"\" srcset=\"https:\/\/www.investment.com.al\/wp-content\/uploads\/2024\/12\/Keshilli-Investimeve_Aksesi-ne-Finance-per-NMVM-te.jpg 1270w, https:\/\/www.investment.com.al\/wp-content\/uploads\/2024\/12\/Keshilli-Investimeve_Aksesi-ne-Finance-per-NMVM-te-248x300.jpg 248w, https:\/\/www.investment.com.al\/wp-content\/uploads\/2024\/12\/Keshilli-Investimeve_Aksesi-ne-Finance-per-NMVM-te-847x1024.jpg 847w, https:\/\/www.investment.com.al\/wp-content\/uploads\/2024\/12\/Keshilli-Investimeve_Aksesi-ne-Finance-per-NMVM-te-768x928.jpg 768w, https:\/\/www.investment.com.al\/wp-content\/uploads\/2024\/12\/Keshilli-Investimeve_Aksesi-ne-Finance-per-NMVM-te-350x423.jpg 350w, https:\/\/www.investment.com.al\/wp-content\/uploads\/2024\/12\/Keshilli-Investimeve_Aksesi-ne-Finance-per-NMVM-te-370x447.jpg 370w, https:\/\/www.investment.com.al\/wp-content\/uploads\/2024\/12\/Keshilli-Investimeve_Aksesi-ne-Finance-per-NMVM-te-255x308.jpg 255w, https:\/\/www.investment.com.al\/wp-content\/uploads\/2024\/12\/Keshilli-Investimeve_Aksesi-ne-Finance-per-NMVM-te-285x344.jpg 285w\" sizes=\"(max-width: 1270px) 100vw, 1270px\" \/><\/a><\/figure><div class=\"elementor-image-box-content\"><h3 class=\"elementor-image-box-title\"><a href=\"\/wp-content\/uploads\/2024\/12\/Keshilli-Investimeve_Aksesi-ne-Finance-per-NMVM-te.pdf\" target=\"_blank\">Dokument Pune | Tetor 2024<\/a><\/h3><p class=\"elementor-image-box-description\">Aksesi n\u00eb Financ\u00eb \u2013 P\u00ebr P\u00ebrmir\u00ebsimin e Instrumenteve t\u00eb Financimit<\/p><\/div><\/div>\t\t<\/div>\n\t\t\t\t<\/div>\n\t\t\t\t<div class=\"elementor-element elementor-element-52d2b54 elementor-position-left elementor-vertical-align-middle custom-image-bo custom-image-boxx elementor-widget elementor-widget-image-box\" data-id=\"52d2b54\" data-element_type=\"widget\" data-widget_type=\"image-box.default\">\n\t\t\t\t<div class=\"elementor-widget-container\">\n\t\t\t<div class=\"elementor-image-box-wrapper\"><figure class=\"elementor-image-box-img\"><a href=\"https:\/\/www.investment.com.al\/wp-content\/uploads\/2024\/10\/Note-Teknike_Per-Konkurrueshmerine-dhe-Rritjen-e-Aksesit-te-Pordukteve-Shqiptare-Jo-Ushqimore-me-standarde-evropiane.pdf\" target=\"_blank\" tabindex=\"-1\"><img decoding=\"async\" width=\"1270\" height=\"1535\" src=\"https:\/\/www.investment.com.al\/wp-content\/uploads\/2025\/07\/Note-Teknike_Per-Konkurrueshmerine-dhe-Rritjen-e-Aksesit-te-Pordukteve-Shqiptare-Jo-Ushqimore-me-standarde-evropiane.jpg\" class=\"attachment-full size-full wp-image-10959\" alt=\"\" srcset=\"https:\/\/www.investment.com.al\/wp-content\/uploads\/2025\/07\/Note-Teknike_Per-Konkurrueshmerine-dhe-Rritjen-e-Aksesit-te-Pordukteve-Shqiptare-Jo-Ushqimore-me-standarde-evropiane.jpg 1270w, https:\/\/www.investment.com.al\/wp-content\/uploads\/2025\/07\/Note-Teknike_Per-Konkurrueshmerine-dhe-Rritjen-e-Aksesit-te-Pordukteve-Shqiptare-Jo-Ushqimore-me-standarde-evropiane-248x300.jpg 248w, https:\/\/www.investment.com.al\/wp-content\/uploads\/2025\/07\/Note-Teknike_Per-Konkurrueshmerine-dhe-Rritjen-e-Aksesit-te-Pordukteve-Shqiptare-Jo-Ushqimore-me-standarde-evropiane-847x1024.jpg 847w, https:\/\/www.investment.com.al\/wp-content\/uploads\/2025\/07\/Note-Teknike_Per-Konkurrueshmerine-dhe-Rritjen-e-Aksesit-te-Pordukteve-Shqiptare-Jo-Ushqimore-me-standarde-evropiane-768x928.jpg 768w, https:\/\/www.investment.com.al\/wp-content\/uploads\/2025\/07\/Note-Teknike_Per-Konkurrueshmerine-dhe-Rritjen-e-Aksesit-te-Pordukteve-Shqiptare-Jo-Ushqimore-me-standarde-evropiane-350x423.jpg 350w, https:\/\/www.investment.com.al\/wp-content\/uploads\/2025\/07\/Note-Teknike_Per-Konkurrueshmerine-dhe-Rritjen-e-Aksesit-te-Pordukteve-Shqiptare-Jo-Ushqimore-me-standarde-evropiane-370x447.jpg 370w, https:\/\/www.investment.com.al\/wp-content\/uploads\/2025\/07\/Note-Teknike_Per-Konkurrueshmerine-dhe-Rritjen-e-Aksesit-te-Pordukteve-Shqiptare-Jo-Ushqimore-me-standarde-evropiane-255x308.jpg 255w, https:\/\/www.investment.com.al\/wp-content\/uploads\/2025\/07\/Note-Teknike_Per-Konkurrueshmerine-dhe-Rritjen-e-Aksesit-te-Pordukteve-Shqiptare-Jo-Ushqimore-me-standarde-evropiane-285x344.jpg 285w\" sizes=\"(max-width: 1270px) 100vw, 1270px\" \/><\/a><\/figure><div class=\"elementor-image-box-content\"><h3 class=\"elementor-image-box-title\"><a href=\"https:\/\/www.investment.com.al\/wp-content\/uploads\/2024\/10\/Note-Teknike_Per-Konkurrueshmerine-dhe-Rritjen-e-Aksesit-te-Pordukteve-Shqiptare-Jo-Ushqimore-me-standarde-evropiane.pdf\" target=\"_blank\">Dokument Pune | Korrik 2024<\/a><\/h3><p class=\"elementor-image-box-description\">P\u00ebr Konkurrueshm\u00ebrin\u00eb dhe Rritjen e Aksesit n\u00eb Tregje t\u00eb Produkteve Shqiptare Jo-Ushqimore me Standarde Evropiane<\/p><\/div><\/div>\t\t<\/div>\n\t\t\t\t<\/div>\n\t\t\t\t<div class=\"elementor-element elementor-element-71c44b2 elementor-position-left elementor-vertical-align-middle custom-image-bo elementor-widget elementor-widget-image-box\" data-id=\"71c44b2\" data-element_type=\"widget\" data-widget_type=\"image-box.default\">\n\t\t\t\t<div class=\"elementor-widget-container\">\n\t\t\t<div class=\"elementor-image-box-wrapper\"><figure class=\"elementor-image-box-img\"><a href=\"https:\/\/www.investment.com.al\/wp-content\/uploads\/2023\/10\/Keshilli-Investimeve-Per-Permiresimin-e-Cilesise-se-Sherbimeve-Publike-te-Digjitalizuara-ndaj-Biznesit.pdf\" tabindex=\"-1\"><img loading=\"lazy\" decoding=\"async\" width=\"196\" height=\"226\" src=\"https:\/\/www.investment.com.al\/wp-content\/uploads\/2023\/10\/al.png\" class=\"attachment-full size-full wp-image-9092\" alt=\"\" \/><\/a><\/figure><div class=\"elementor-image-box-content\"><h3 class=\"elementor-image-box-title\"><a href=\"https:\/\/www.investment.com.al\/wp-content\/uploads\/2023\/10\/Keshilli-Investimeve-Per-Permiresimin-e-Cilesise-se-Sherbimeve-Publike-te-Digjitalizuara-ndaj-Biznesit.pdf\">Dokument Pune | Shtator 2023<\/a><\/h3><p class=\"elementor-image-box-description\">P\u00ebr P\u00ebrmir\u00ebsimin e Cil\u00ebsis\u00eb s\u00eb Sh\u00ebrbimeve Publike t\u00eb Digjitalizuara ndaj Biznesit<\/p><\/div><\/div>\t\t<\/div>\n\t\t\t\t<\/div>\n\t\t\t\t<div class=\"elementor-element elementor-element-eaf9382 elementor-position-left elementor-vertical-align-middle custom-image-bo elementor-widget elementor-widget-image-box\" data-id=\"eaf9382\" data-element_type=\"widget\" data-widget_type=\"image-box.default\">\n\t\t\t\t<div class=\"elementor-widget-container\">\n\t\t\t<div class=\"elementor-image-box-wrapper\"><figure class=\"elementor-image-box-img\"><a href=\"https:\/\/www.investment.com.al\/wp-content\/uploads\/2023\/05\/Keshilli-Investimeve-Nga-Pagat-e-Ulta-tek-Produktiviteti-ne-Pune-2023.pdf\" tabindex=\"-1\"><img loading=\"lazy\" decoding=\"async\" width=\"196\" height=\"226\" src=\"https:\/\/www.investment.com.al\/wp-content\/uploads\/2023\/05\/Keshilli-Investimeve-Nga-Pagat-e-Ulta-tek-Produktiviteti-ne-Pune-2023-1.png\" class=\"attachment-full size-full wp-image-8789\" alt=\"\" \/><\/a><\/figure><div class=\"elementor-image-box-content\"><h3 class=\"elementor-image-box-title\"><a href=\"https:\/\/www.investment.com.al\/wp-content\/uploads\/2023\/05\/Keshilli-Investimeve-Nga-Pagat-e-Ulta-tek-Produktiviteti-ne-Pune-2023.pdf\">Dokument Pune | Prill 2023<\/a><\/h3><p class=\"elementor-image-box-description\">Nga Pagat e Ulta tek Produktiviteti n\u00eb Pun\u00eb<\/p><\/div><\/div>\t\t<\/div>\n\t\t\t\t<\/div>\n\t\t\t\t<div class=\"elementor-element elementor-element-5a97f65 elementor-position-left elementor-vertical-align-middle custom-image-bo elementor-widget elementor-widget-image-box\" data-id=\"5a97f65\" data-element_type=\"widget\" data-widget_type=\"image-box.default\">\n\t\t\t\t<div class=\"elementor-widget-container\">\n\t\t\t<div class=\"elementor-image-box-wrapper\"><figure class=\"elementor-image-box-img\"><a href=\"\/wp-content\/uploads\/2022\/11\/AIC_Mbi-Disponibilitetin-dhe-Aftesite-e-Fuqise-Punetore.pdf\" tabindex=\"-1\"><img loading=\"lazy\" decoding=\"async\" width=\"196\" height=\"226\" src=\"https:\/\/www.investment.com.al\/wp-content\/uploads\/2023\/05\/Mbi-disponibilitetin-dhe-aftesine-e-fuqise-punerote.png\" class=\"attachment-full size-full wp-image-8774\" alt=\"\" \/><\/a><\/figure><div class=\"elementor-image-box-content\"><h3 class=\"elementor-image-box-title\"><a href=\"\/wp-content\/uploads\/2022\/11\/AIC_Mbi-Disponibilitetin-dhe-Aftesite-e-Fuqise-Punetore.pdf\">Dokument Pune | Tetor 2022<\/a><\/h3><p class=\"elementor-image-box-description\">Mbi disponibilitetin dhe aft\u00ebsit\u00eb e fuqis\u00eb pun\u00ebtore<\/p><\/div><\/div>\t\t<\/div>\n\t\t\t\t<\/div>\n\t\t\t\t<div class=\"elementor-element elementor-element-a447c85 elementor-position-left elementor-vertical-align-middle custom-image-bo elementor-widget elementor-widget-image-box\" data-id=\"a447c85\" data-element_type=\"widget\" data-widget_type=\"image-box.default\">\n\t\t\t\t<div class=\"elementor-widget-container\">\n\t\t\t<div class=\"elementor-image-box-wrapper\"><figure class=\"elementor-image-box-img\"><a href=\"\/wp-content\/uploads\/2021\/12\/Nderkombetarizimi-i-ndermarrjeve-mikro-te-vogla-dhe-te-mesme.pdf\" tabindex=\"-1\"><img loading=\"lazy\" decoding=\"async\" width=\"197\" height=\"228\" src=\"https:\/\/www.investment.com.al\/wp-content\/uploads\/2022\/12\/20.png\" class=\"attachment-full size-full wp-image-4652\" alt=\"\" \/><\/a><\/figure><div class=\"elementor-image-box-content\"><h3 class=\"elementor-image-box-title\"><a href=\"\/wp-content\/uploads\/2021\/12\/Nderkombetarizimi-i-ndermarrjeve-mikro-te-vogla-dhe-te-mesme.pdf\">Dokument Pune | Tetor 2021<\/a><\/h3><p class=\"elementor-image-box-description\">Sfidat dhe mund\u00ebsit\u00eb e nd\u00ebrkomb\u00ebtarizimit t\u00eb sip\u00ebrmarrjeve mikro, t\u00eb vogla dhe t\u00eb mesme shqiptare*<\/p><\/div><\/div>\t\t<\/div>\n\t\t\t\t<\/div>\n\t\t\t\t<div class=\"elementor-element elementor-element-006dc66 elementor-position-left elementor-vertical-align-middle custom-image-bo elementor-widget elementor-widget-image-box\" data-id=\"006dc66\" data-element_type=\"widget\" data-widget_type=\"image-box.default\">\n\t\t\t\t<div class=\"elementor-widget-container\">\n\t\t\t<div class=\"elementor-image-box-wrapper\"><figure class=\"elementor-image-box-img\"><a href=\"\/wp-content\/uploads\/2023\/01\/Dokument-Pune-19-\u2013-Inovacioni-ne-Sipermarrje-si-nje-Sfide-per-Rritjen-e-Konkurrueshmerise-dhe-Nxites-i-Rritjes-Ekonomike.pdf\" tabindex=\"-1\"><img loading=\"lazy\" decoding=\"async\" width=\"197\" height=\"228\" src=\"https:\/\/www.investment.com.al\/wp-content\/uploads\/2022\/12\/19.png\" class=\"attachment-full size-full wp-image-4651\" alt=\"\" \/><\/a><\/figure><div class=\"elementor-image-box-content\"><h3 class=\"elementor-image-box-title\"><a href=\"\/wp-content\/uploads\/2023\/01\/Dokument-Pune-19-\u2013-Inovacioni-ne-Sipermarrje-si-nje-Sfide-per-Rritjen-e-Konkurrueshmerise-dhe-Nxites-i-Rritjes-Ekonomike.pdf\">Dokument Pune | Mars 2021<\/a><\/h3><p class=\"elementor-image-box-description\"> Inovacioni n\u00eb Sip\u00ebrmarrje, si nj\u00eb Sfid\u00eb p\u00ebr Rritjen e Konkurrueshm\u00ebris\u00eb dhe Nxit\u00ebs i Rritjes Ekonomike<\/p><\/div><\/div>\t\t<\/div>\n\t\t\t\t<\/div>\n\t\t\t\t<div class=\"elementor-element elementor-element-00443f9 elementor-position-left elementor-vertical-align-middle custom-image-bo elementor-widget elementor-widget-image-box\" data-id=\"00443f9\" data-element_type=\"widget\" data-widget_type=\"image-box.default\">\n\t\t\t\t<div class=\"elementor-widget-container\">\n\t\t\t<div class=\"elementor-image-box-wrapper\"><figure class=\"elementor-image-box-img\"><a href=\"\/wp-content\/uploads\/2023\/01\/Dokument-Pune-18-\u2013-Prodhimi-i-Brendshem-Zevendesimi-i-Importeve-dhe-Nxitja-e-Investimeve-ne-Agro-Perpunim.pdf\" tabindex=\"-1\"><img loading=\"lazy\" decoding=\"async\" width=\"197\" height=\"228\" src=\"https:\/\/www.investment.com.al\/wp-content\/uploads\/2022\/12\/18.png\" class=\"attachment-full size-full wp-image-4650\" alt=\"\" \/><\/a><\/figure><div class=\"elementor-image-box-content\"><h3 class=\"elementor-image-box-title\"><a href=\"\/wp-content\/uploads\/2023\/01\/Dokument-Pune-18-\u2013-Prodhimi-i-Brendshem-Zevendesimi-i-Importeve-dhe-Nxitja-e-Investimeve-ne-Agro-Perpunim.pdf\">Dokument Pune | Tetor 2020<\/a><\/h3><p class=\"elementor-image-box-description\">Prodhimi vendas, z\u00ebvend\u00ebsimi i importit\ndhe nxitja e investimeve n\u00eb\nAgrop\u00ebrpunim<\/p><\/div><\/div>\t\t<\/div>\n\t\t\t\t<\/div>\n\t\t\t\t<div class=\"elementor-element elementor-element-f764215 elementor-position-left elementor-vertical-align-middle custom-image-bo elementor-widget elementor-widget-image-box\" data-id=\"f764215\" data-element_type=\"widget\" data-widget_type=\"image-box.default\">\n\t\t\t\t<div class=\"elementor-widget-container\">\n\t\t\t<div class=\"elementor-image-box-wrapper\"><figure class=\"elementor-image-box-img\"><a href=\"\/wp-content\/uploads\/2023\/01\/Dokument-Pune-15-\u2013-Mbi-Potencialet-e-Investimeve-dhe-Sektoret-Prioritare.pdf\" tabindex=\"-1\"><img loading=\"lazy\" decoding=\"async\" width=\"197\" height=\"228\" src=\"https:\/\/www.investment.com.al\/wp-content\/uploads\/2022\/12\/15.png\" class=\"attachment-full size-full wp-image-4649\" alt=\"\" \/><\/a><\/figure><div class=\"elementor-image-box-content\"><h3 class=\"elementor-image-box-title\"><a href=\"\/wp-content\/uploads\/2023\/01\/Dokument-Pune-15-\u2013-Mbi-Potencialet-e-Investimeve-dhe-Sektoret-Prioritare.pdf\">Dokument Pune | Tetor 2019<\/a><\/h3><p class=\"elementor-image-box-description\">Mbi potencialet investuese dhe\nsektor\u00ebt prioritar\u00eb<\/p><\/div><\/div>\t\t<\/div>\n\t\t\t\t<\/div>\n\t\t\t\t<div class=\"elementor-element elementor-element-0a018ce elementor-position-left elementor-vertical-align-middle custom-image-bo elementor-widget elementor-widget-image-box\" data-id=\"0a018ce\" data-element_type=\"widget\" data-widget_type=\"image-box.default\">\n\t\t\t\t<div class=\"elementor-widget-container\">\n\t\t\t<div class=\"elementor-image-box-wrapper\"><figure class=\"elementor-image-box-img\"><a href=\"\/wp-content\/uploads\/2023\/01\/Dokument-Pune-11-\u2013-Kuadri-Ligjor-per-Investimet-Debatet-dhe-Sfidat.pdf\" tabindex=\"-1\"><img loading=\"lazy\" decoding=\"async\" width=\"197\" height=\"228\" src=\"https:\/\/www.investment.com.al\/wp-content\/uploads\/2022\/12\/11.png\" class=\"attachment-full size-full wp-image-4648\" alt=\"\" \/><\/a><\/figure><div class=\"elementor-image-box-content\"><h3 class=\"elementor-image-box-title\"><a href=\"\/wp-content\/uploads\/2023\/01\/Dokument-Pune-11-\u2013-Kuadri-Ligjor-per-Investimet-Debatet-dhe-Sfidat.pdf\">Dokument Pune | Qershor 2018<\/a><\/h3><p class=\"elementor-image-box-description\">Kuadri Ligjor p\u00ebr Investimet, debatet\ndhe sfidat aktuale<\/p><\/div><\/div>\t\t<\/div>\n\t\t\t\t<\/div>\n\t\t\t\t<div class=\"elementor-element elementor-element-57b035c elementor-position-left elementor-vertical-align-middle custom-image-bo elementor-widget elementor-widget-image-box\" data-id=\"57b035c\" data-element_type=\"widget\" data-widget_type=\"image-box.default\">\n\t\t\t\t<div class=\"elementor-widget-container\">\n\t\t\t<div class=\"elementor-image-box-wrapper\"><figure class=\"elementor-image-box-img\"><a href=\"\/wp-content\/uploads\/2023\/01\/Dokument-Pune-7-\u2013-Fuqia-Punetore-e-Kualifikuar-si-Mundesi-per-Investimeve.pdf\" tabindex=\"-1\"><img loading=\"lazy\" decoding=\"async\" width=\"197\" height=\"228\" src=\"https:\/\/www.investment.com.al\/wp-content\/uploads\/2022\/12\/07.png\" class=\"attachment-full size-full wp-image-4647\" alt=\"\" \/><\/a><\/figure><div class=\"elementor-image-box-content\"><h3 class=\"elementor-image-box-title\"><a href=\"\/wp-content\/uploads\/2023\/01\/Dokument-Pune-7-\u2013-Fuqia-Punetore-e-Kualifikuar-si-Mundesi-per-Investimeve.pdf\">Dokument Pune | Shkurt 2017<\/a><\/h3><p class=\"elementor-image-box-description\">Fuqia pun\u00ebtore e kualifikuar - nj\u00eb\nmund\u00ebsi p\u00ebr investim<\/p><\/div><\/div>\t\t<\/div>\n\t\t\t\t<\/div>\n\t\t\t\t<div class=\"elementor-element elementor-element-2afe930 elementor-position-left elementor-vertical-align-middle custom-image-bo elementor-widget elementor-widget-image-box\" data-id=\"2afe930\" data-element_type=\"widget\" data-widget_type=\"image-box.default\">\n\t\t\t\t<div class=\"elementor-widget-container\">\n\t\t\t<div class=\"elementor-image-box-wrapper\"><figure class=\"elementor-image-box-img\"><a href=\"\/wp-content\/uploads\/2023\/01\/Dokument-Pune-4-\u2013-Incentivat-per-Nxitjen-e-Investimeve-Shqiperia-perballe-Vendeve-te-Ballkanit-Perendimor-ok.pdf\" tabindex=\"-1\"><img loading=\"lazy\" decoding=\"async\" width=\"197\" height=\"228\" src=\"https:\/\/www.investment.com.al\/wp-content\/uploads\/2022\/12\/04.png\" class=\"attachment-full size-full wp-image-4114\" alt=\"\" \/><\/a><\/figure><div class=\"elementor-image-box-content\"><h3 class=\"elementor-image-box-title\"><a href=\"\/wp-content\/uploads\/2023\/01\/Dokument-Pune-4-\u2013-Incentivat-per-Nxitjen-e-Investimeve-Shqiperia-perballe-Vendeve-te-Ballkanit-Perendimor-ok.pdf\">Dokument Pune | Prill 2016<\/a><\/h3><p class=\"elementor-image-box-description\">Politikat nxit\u00ebse p\u00ebr Nxitjen e\nInvestimeve: Shqip\u00ebria kundrejt Vendet\ne Ballkanit Per\u00ebndimor<\/p><\/div><\/div>\t\t<\/div>\n\t\t\t\t<\/div>\n\t\t\t\t\t<\/div>\n\t\t<\/div>\n\t\t\t\t\t\t\t<\/div>\n\t\t<\/div>\n\t\t\t\t\t\t\t<\/div>\n\t\t","protected":false},"excerpt":{"rendered":"<p>Dokument Pune | Mars 2025 Mbi Digjitalizimin e Sh\u00ebrbimeve Publike Vendore p\u00ebr Biznesin Dokument Pune | Tetor 2024 Aksesi n\u00eb Financ\u00eb \u2013 P\u00ebr P\u00ebrmir\u00ebsimin e Instrumenteve t\u00eb Financimit Dokument Pune | Korrik 2024 P\u00ebr Konkurrueshm\u00ebrin\u00eb dhe Rritjen e Aksesit n\u00eb Tregje t\u00eb Produkteve Shqiptare Jo-Ushqimore me Standarde Evropiane Dokument Pune | Shtator 2023 P\u00ebr P\u00ebrmir\u00ebsimin [&hellip;]<\/p>\n","protected":false},"author":1,"featured_media":0,"parent":0,"menu_order":0,"comment_status":"closed","ping_status":"closed","template":"elementor_header_footer","meta":{"footnotes":""},"class_list":["post-4113","page","type-page","status-publish","hentry"],"acf":[],"_links":{"self":[{"href":"https:\/\/www.investment.com.al\/sq\/wp-json\/wp\/v2\/pages\/4113","targetHints":{"allow":["GET"]}}],"collection":[{"href":"https:\/\/www.investment.com.al\/sq\/wp-json\/wp\/v2\/pages"}],"about":[{"href":"https:\/\/www.investment.com.al\/sq\/wp-json\/wp\/v2\/types\/page"}],"author":[{"embeddable":true,"href":"https:\/\/www.investment.com.al\/sq\/wp-json\/wp\/v2\/users\/1"}],"replies":[{"embeddable":true,"href":"https:\/\/www.investment.com.al\/sq\/wp-json\/wp\/v2\/comments?post=4113"}],"version-history":[{"count":47,"href":"https:\/\/www.investment.com.al\/sq\/wp-json\/wp\/v2\/pages\/4113\/revisions"}],"predecessor-version":[{"id":11134,"href":"https:\/\/www.investment.com.al\/sq\/wp-json\/wp\/v2\/pages\/4113\/revisions\/11134"}],"wp:attachment":[{"href":"https:\/\/www.investment.com.al\/sq\/wp-json\/wp\/v2\/media?parent=4113"}],"curies":[{"name":"wp","href":"https:\/\/api.w.org\/{rel}","templated":true}]}}