{"id":4124,"date":"2022-12-07T10:59:31","date_gmt":"2022-12-07T10:59:31","guid":{"rendered":"https:\/\/investment.com.al\/newsletter\/"},"modified":"2026-04-27T13:53:20","modified_gmt":"2026-04-27T13:53:20","slug":"newsletter","status":"publish","type":"page","link":"https:\/\/www.investment.com.al\/sq\/newsletter\/","title":{"rendered":"Newsletter"},"content":{"rendered":"\t\t<div data-elementor-type=\"wp-page\" data-elementor-id=\"4124\" class=\"elementor elementor-4124 elementor-834\" data-elementor-post-type=\"page\">\n\t\t\t\t\t\t\t\t\t<section class=\"elementor-section elementor-top-section elementor-element elementor-element-09f05d8 elementor-section-boxed elementor-section-height-default elementor-section-height-default\" data-id=\"09f05d8\" data-element_type=\"section\" data-settings=\"{&quot;background_background&quot;:&quot;classic&quot;,&quot;sticky&quot;:&quot;top&quot;,&quot;sticky_offset&quot;:110,&quot;sticky_offset_tablet&quot;:95,&quot;sticky_offset_mobile&quot;:70,&quot;sticky_on&quot;:[&quot;desktop&quot;,&quot;laptop&quot;,&quot;tablet_extra&quot;,&quot;tablet&quot;,&quot;mobile_extra&quot;,&quot;mobile&quot;],&quot;sticky_effects_offset&quot;:0}\">\n\t\t\t\t\t\t<div class=\"elementor-container elementor-column-gap-default\">\n\t\t\t\t\t<div class=\"elementor-column elementor-col-100 elementor-top-column elementor-element elementor-element-833c8d6\" data-id=\"833c8d6\" data-element_type=\"column\">\n\t\t\t<div class=\"elementor-widget-wrap elementor-element-populated\">\n\t\t\t\t\t\t\t\t\t<\/div>\n\t\t<\/div>\n\t\t\t\t\t\t\t<\/div>\n\t\t<\/section>\n\t\t\t\t<div class=\"elementor-section elementor-top-section elementor-element elementor-element-c97047e news-section elementor-section-boxed elementor-section-height-default elementor-section-height-default\" data-id=\"c97047e\" data-element_type=\"section\">\n\t\t\t\t\t\t<div class=\"elementor-container elementor-column-gap-no\">\n\t\t\t\t\t<div class=\"elementor-column elementor-col-100 elementor-top-column elementor-element elementor-element-bf1d175\" data-id=\"bf1d175\" data-element_type=\"column\" data-settings=\"{&quot;background_background&quot;:&quot;classic&quot;}\">\n\t\t\t<div class=\"elementor-widget-wrap elementor-element-populated\">\n\t\t\t\t\t\t\t\t<section class=\"elementor-section elementor-inner-section elementor-element elementor-element-a3e537a elementor-section-full_width custom-right-section elementor-section-height-default elementor-section-height-default\" data-id=\"a3e537a\" data-element_type=\"section\" data-settings=\"{&quot;background_background&quot;:&quot;classic&quot;}\">\n\t\t\t\t\t\t<div class=\"elementor-container elementor-column-gap-default\">\n\t\t\t\t\t<div class=\"elementor-column elementor-col-100 elementor-inner-column elementor-element elementor-element-f4a4d9d\" data-id=\"f4a4d9d\" data-element_type=\"column\" data-settings=\"{&quot;background_background&quot;:&quot;classic&quot;}\">\n\t\t\t<div class=\"elementor-widget-wrap elementor-element-populated\">\n\t\t\t\t\t\t\t\t<div class=\"elementor-element elementor-element-4a6e0c3 elementor-widget elementor-widget-accordion\" data-id=\"4a6e0c3\" data-element_type=\"widget\" data-widget_type=\"accordion.default\">\n\t\t\t\t<div class=\"elementor-widget-container\">\n\t\t\t<style>.elementor-accordion{text-align:left}.elementor-accordion .elementor-accordion-item{border:1px solid #d5d8dc}.elementor-accordion .elementor-accordion-item+.elementor-accordion-item{border-top:none}.elementor-accordion .elementor-tab-title{margin:0;padding:15px 20px;font-weight:700;line-height:1;cursor:pointer;outline:none}.elementor-accordion .elementor-tab-title .elementor-accordion-icon{display:inline-block;width:1.5em}.elementor-accordion .elementor-tab-title .elementor-accordion-icon svg{width:1em;height:1em}.elementor-accordion .elementor-tab-title .elementor-accordion-icon.elementor-accordion-icon-right{float:right;text-align:right}.elementor-accordion .elementor-tab-title .elementor-accordion-icon.elementor-accordion-icon-left{float:left;text-align:left}.elementor-accordion .elementor-tab-title .elementor-accordion-icon .elementor-accordion-icon-closed{display:block}.elementor-accordion .elementor-tab-title .elementor-accordion-icon .elementor-accordion-icon-opened,.elementor-accordion .elementor-tab-title.elementor-active .elementor-accordion-icon-closed{display:none}.elementor-accordion .elementor-tab-title.elementor-active .elementor-accordion-icon-opened{display:block}.elementor-accordion .elementor-tab-content{display:none;padding:15px 20px;border-top:1px solid #d5d8dc}@media (max-width:767px){.elementor-accordion .elementor-tab-title{padding:12px 15px}.elementor-accordion .elementor-tab-title .elementor-accordion-icon{width:1.2em}.elementor-accordion .elementor-tab-content{padding:7px 15px}}.e-con-inner>.elementor-widget-accordion,.e-con>.elementor-widget-accordion{width:var(--container-widget-width);--flex-grow:var(--container-widget-flex-grow)}<\/style>\t\t<div class=\"elementor-accordion\">\n\t\t\t\t\t\t\t<div class=\"elementor-accordion-item\">\n\t\t\t\t\t<div id=\"elementor-tab-title-7801\" class=\"elementor-tab-title\" data-tab=\"1\" role=\"button\" aria-controls=\"elementor-tab-content-7801\" aria-expanded=\"false\">\n\t\t\t\t\t\t\t\t\t\t\t\t\t<span class=\"elementor-accordion-icon elementor-accordion-icon-right\" aria-hidden=\"true\">\n\t\t\t\t\t\t\t\t\t\t\t\t\t\t\t<span class=\"elementor-accordion-icon-closed\"><i class=\"fas fa-plus\"><\/i><\/span>\n\t\t\t\t\t\t\t\t<span class=\"elementor-accordion-icon-opened\"><i class=\"fas fa-minus\"><\/i><\/span>\n\t\t\t\t\t\t\t\t\t\t\t\t\t\t<\/span>\n\t\t\t\t\t\t\t\t\t\t\t\t<a class=\"elementor-accordion-title\" tabindex=\"0\">2026<\/a>\n\t\t\t\t\t<\/div>\n\t\t\t\t\t<div id=\"elementor-tab-content-7801\" class=\"elementor-tab-content elementor-clearfix\" data-tab=\"1\" role=\"region\" aria-labelledby=\"elementor-tab-title-7801\"><ul class=\"display-posts-listing\"><li class=\"listing-item\"><a class=\"title\" href=\"https:\/\/www.investment.com.al\/sq\/newsletter_ic\/buletini-informativ-janar-mars-2026\/\">Buletini informativ, Janar \u2013 Mars 2026<\/a><\/li><\/ul><\/div>\n\t\t\t\t<\/div>\n\t\t\t\t\t\t\t<div class=\"elementor-accordion-item\">\n\t\t\t\t\t<div id=\"elementor-tab-title-7802\" class=\"elementor-tab-title\" data-tab=\"2\" role=\"button\" aria-controls=\"elementor-tab-content-7802\" aria-expanded=\"false\">\n\t\t\t\t\t\t\t\t\t\t\t\t\t<span class=\"elementor-accordion-icon elementor-accordion-icon-right\" aria-hidden=\"true\">\n\t\t\t\t\t\t\t\t\t\t\t\t\t\t\t<span class=\"elementor-accordion-icon-closed\"><i class=\"fas fa-plus\"><\/i><\/span>\n\t\t\t\t\t\t\t\t<span class=\"elementor-accordion-icon-opened\"><i class=\"fas fa-minus\"><\/i><\/span>\n\t\t\t\t\t\t\t\t\t\t\t\t\t\t<\/span>\n\t\t\t\t\t\t\t\t\t\t\t\t<a class=\"elementor-accordion-title\" tabindex=\"0\">2025<\/a>\n\t\t\t\t\t<\/div>\n\t\t\t\t\t<div id=\"elementor-tab-content-7802\" class=\"elementor-tab-content elementor-clearfix\" data-tab=\"2\" role=\"region\" aria-labelledby=\"elementor-tab-title-7802\"><ul class=\"display-posts-listing\"><li class=\"listing-item\"><a class=\"title\" href=\"https:\/\/www.investment.com.al\/sq\/newsletter_ic\/buletini-informativ-tetor-dhjetor-2025\/\">Buletini informativ, Tetor &#8211; Dhjetor 2025<\/a><\/li><li class=\"listing-item\"><a class=\"title\" href=\"https:\/\/www.investment.com.al\/sq\/newsletter_ic\/buletini-informativ-prill-qershor-2025\/\">Buletini Informativ, Prill &#8211; Qershor 2025<\/a><\/li><li class=\"listing-item\"><a class=\"title\" href=\"https:\/\/www.investment.com.al\/sq\/newsletter_ic\/keshilli-investimeve-buletini-informativ-janar-mars-2025\/\">Buletini Informativ, Janar &#8211; Mars 2025<\/a><\/li><\/ul><\/div>\n\t\t\t\t<\/div>\n\t\t\t\t\t\t\t<div class=\"elementor-accordion-item\">\n\t\t\t\t\t<div id=\"elementor-tab-title-7803\" class=\"elementor-tab-title\" data-tab=\"3\" role=\"button\" aria-controls=\"elementor-tab-content-7803\" aria-expanded=\"false\">\n\t\t\t\t\t\t\t\t\t\t\t\t\t<span class=\"elementor-accordion-icon elementor-accordion-icon-right\" aria-hidden=\"true\">\n\t\t\t\t\t\t\t\t\t\t\t\t\t\t\t<span class=\"elementor-accordion-icon-closed\"><i class=\"fas fa-plus\"><\/i><\/span>\n\t\t\t\t\t\t\t\t<span class=\"elementor-accordion-icon-opened\"><i class=\"fas fa-minus\"><\/i><\/span>\n\t\t\t\t\t\t\t\t\t\t\t\t\t\t<\/span>\n\t\t\t\t\t\t\t\t\t\t\t\t<a class=\"elementor-accordion-title\" tabindex=\"0\">2024<\/a>\n\t\t\t\t\t<\/div>\n\t\t\t\t\t<div id=\"elementor-tab-content-7803\" class=\"elementor-tab-content elementor-clearfix\" data-tab=\"3\" role=\"region\" aria-labelledby=\"elementor-tab-title-7803\"><ul class=\"display-posts-listing\"><li class=\"listing-item\"><a class=\"title\" href=\"https:\/\/www.investment.com.al\/sq\/newsletter_ic\/lajmet-kryesore-lajmet-kryesore-tetor-dhjetor-2024\/\">Lajmet Kryesore, Lajmet Kryesore, Tetor &#8211; Dhjetor 2024<\/a><\/li><li class=\"listing-item\"><a class=\"title\" href=\"https:\/\/www.investment.com.al\/sq\/newsletter_ic\/keshilli-investimeve-lajmet-kryesore-korrik-shtator-2024\/\">K\u00ebshilli Investimeve Lajmet Kryesore, Korrik &#8211; Shtator 2024<\/a><\/li><li class=\"listing-item\"><a class=\"title\" href=\"https:\/\/www.investment.com.al\/sq\/newsletter_ic\/keshilli-investimeve-lajmet-kryesore-prill-qershor-2024\/\">K\u00ebshilli Investimeve Lajmet Kryesore, Prill &#8211; Qershor 2024<\/a><\/li><li class=\"listing-item\"><a class=\"title\" href=\"https:\/\/www.investment.com.al\/sq\/newsletter_ic\/keshilli-investimeve-lajmet-kryesore-janar-mars-2024\/\">K\u00ebshilli Investimeve Lajmet Kryesore, Janar &#8211; Mars 2024<\/a><\/li><\/ul><\/div>\n\t\t\t\t<\/div>\n\t\t\t\t\t\t\t<div class=\"elementor-accordion-item\">\n\t\t\t\t\t<div id=\"elementor-tab-title-7804\" class=\"elementor-tab-title\" data-tab=\"4\" role=\"button\" aria-controls=\"elementor-tab-content-7804\" aria-expanded=\"false\">\n\t\t\t\t\t\t\t\t\t\t\t\t\t<span class=\"elementor-accordion-icon elementor-accordion-icon-right\" aria-hidden=\"true\">\n\t\t\t\t\t\t\t\t\t\t\t\t\t\t\t<span class=\"elementor-accordion-icon-closed\"><i class=\"fas fa-plus\"><\/i><\/span>\n\t\t\t\t\t\t\t\t<span class=\"elementor-accordion-icon-opened\"><i class=\"fas fa-minus\"><\/i><\/span>\n\t\t\t\t\t\t\t\t\t\t\t\t\t\t<\/span>\n\t\t\t\t\t\t\t\t\t\t\t\t<a class=\"elementor-accordion-title\" tabindex=\"0\">2023<\/a>\n\t\t\t\t\t<\/div>\n\t\t\t\t\t<div id=\"elementor-tab-content-7804\" class=\"elementor-tab-content elementor-clearfix\" data-tab=\"4\" role=\"region\" aria-labelledby=\"elementor-tab-title-7804\"><ul class=\"display-posts-listing\"><li class=\"listing-item\"><a class=\"title\" href=\"https:\/\/www.investment.com.al\/sq\/newsletter_ic\/keshilli-investimeve-lajmet-kryesore-tetor-dhjetor-2023\/\">K\u00ebshilli Investimeve Lajmet Kryesore, Tetor &#8211; Dhjetor 2023<\/a><\/li><li class=\"listing-item\"><a class=\"title\" href=\"https:\/\/www.investment.com.al\/sq\/newsletter_ic\/keshilli-investimeve-lajmet-kryesore-korrik-shtator-2023\/\">K\u00ebshilli Investimeve Lajmet Kryesore, Korrik &#8211; Shtator 2023<\/a><\/li><li class=\"listing-item\"><a class=\"title\" href=\"https:\/\/www.investment.com.al\/sq\/newsletter_ic\/keshilli-investimeve-lajmet-kryesore-prill-qershor-2023\/\">K\u00ebshilli Investimeve Lajmet Kryesore, Prill &#8211; Qershor 2023<\/a><\/li><li class=\"listing-item\"><a class=\"title\" href=\"https:\/\/www.investment.com.al\/sq\/newsletter_ic\/keshilli-investimeve-lajmet-kryesore-janar-mars-2023\/\">K\u00ebshilli Investimeve Lajmet Kryesore, Janar &#8211; Mars 2023<\/a><\/li><\/ul><\/div>\n\t\t\t\t<\/div>\n\t\t\t\t\t\t\t<div class=\"elementor-accordion-item\">\n\t\t\t\t\t<div id=\"elementor-tab-title-7805\" class=\"elementor-tab-title\" data-tab=\"5\" role=\"button\" aria-controls=\"elementor-tab-content-7805\" aria-expanded=\"false\">\n\t\t\t\t\t\t\t\t\t\t\t\t\t<span class=\"elementor-accordion-icon elementor-accordion-icon-right\" aria-hidden=\"true\">\n\t\t\t\t\t\t\t\t\t\t\t\t\t\t\t<span class=\"elementor-accordion-icon-closed\"><i class=\"fas fa-plus\"><\/i><\/span>\n\t\t\t\t\t\t\t\t<span class=\"elementor-accordion-icon-opened\"><i class=\"fas fa-minus\"><\/i><\/span>\n\t\t\t\t\t\t\t\t\t\t\t\t\t\t<\/span>\n\t\t\t\t\t\t\t\t\t\t\t\t<a class=\"elementor-accordion-title\" tabindex=\"0\">2022<\/a>\n\t\t\t\t\t<\/div>\n\t\t\t\t\t<div id=\"elementor-tab-content-7805\" class=\"elementor-tab-content elementor-clearfix\" data-tab=\"5\" role=\"region\" aria-labelledby=\"elementor-tab-title-7805\"><ul class=\"display-posts-listing\"><li class=\"listing-item\"><a class=\"title\" href=\"https:\/\/www.investment.com.al\/sq\/newsletter_ic\/keshilli-investimeve-lajmet-kryesore-tetor-dhjetor-2022\/\">K\u00ebshilli Investimeve, Lajmet Kryesore, Tetor \u2013 Dhjetor 2022<\/a><\/li><li class=\"listing-item\"><a class=\"title\" href=\"https:\/\/www.investment.com.al\/sq\/newsletter_ic\/keshilli-investimeve-lajmet-kryesore-korrik-shtator-2022\/\">K\u00ebshilli Investimeve, Lajmet Kryesore, Korrik \u2013 Shtator 2022<\/a><\/li><li class=\"listing-item\"><a class=\"title\" href=\"https:\/\/www.investment.com.al\/sq\/newsletter_ic\/keshilli-investimeve-lajmet-kryesore-prill-qershor-2022\/\">K\u00ebshilli Investimeve, Lajmet Kryesore, Prill \u2013 Qershor 2022<\/a><\/li><li class=\"listing-item\"><a class=\"title\" href=\"https:\/\/www.investment.com.al\/sq\/newsletter_ic\/keshilli-investimeve-lajmet-kryesore-janar-mars-2022\/\">K\u00ebshilli Investimeve, Lajmet Kryesore, Janar \u2013 Mars 2022<\/a><\/li><\/ul><\/div>\n\t\t\t\t<\/div>\n\t\t\t\t\t\t\t<div class=\"elementor-accordion-item\">\n\t\t\t\t\t<div id=\"elementor-tab-title-7806\" class=\"elementor-tab-title\" data-tab=\"6\" role=\"button\" aria-controls=\"elementor-tab-content-7806\" aria-expanded=\"false\">\n\t\t\t\t\t\t\t\t\t\t\t\t\t<span class=\"elementor-accordion-icon elementor-accordion-icon-right\" aria-hidden=\"true\">\n\t\t\t\t\t\t\t\t\t\t\t\t\t\t\t<span class=\"elementor-accordion-icon-closed\"><i class=\"fas fa-plus\"><\/i><\/span>\n\t\t\t\t\t\t\t\t<span class=\"elementor-accordion-icon-opened\"><i class=\"fas fa-minus\"><\/i><\/span>\n\t\t\t\t\t\t\t\t\t\t\t\t\t\t<\/span>\n\t\t\t\t\t\t\t\t\t\t\t\t<a class=\"elementor-accordion-title\" tabindex=\"0\">2021<\/a>\n\t\t\t\t\t<\/div>\n\t\t\t\t\t<div id=\"elementor-tab-content-7806\" class=\"elementor-tab-content elementor-clearfix\" data-tab=\"6\" role=\"region\" aria-labelledby=\"elementor-tab-title-7806\"><ul class=\"display-posts-listing\"><li class=\"listing-item\"><a class=\"title\" href=\"https:\/\/www.investment.com.al\/sq\/newsletter_ic\/keshilli-investimeve-lajmet-kryesore-tetor-dhjetor-2021\/\">K\u00ebshilli Investimeve, Lajmet Kryesore, Tetor \u2013 Dhjetor 2021<\/a><\/li><li class=\"listing-item\"><a class=\"title\" href=\"https:\/\/www.investment.com.al\/sq\/newsletter_ic\/keshilli-investimeve-lajmet-kryesore-korrik-shtator-2021\/\">K\u00ebshilli Investimeve, Lajmet Kryesore, Korrik \u2013 Shtator 2021<\/a><\/li><li class=\"listing-item\"><a class=\"title\" href=\"https:\/\/www.investment.com.al\/sq\/newsletter_ic\/keshilli-investimeve-lajmet-kryesore-prill-qershor-2021\/\">K\u00ebshilli Investimeve, Lajmet Kryesore, Prill \u2013 Qershor 2021<\/a><\/li><li class=\"listing-item\"><a class=\"title\" href=\"https:\/\/www.investment.com.al\/sq\/newsletter_ic\/keshilli-investimeve-lajmet-kryesore-janar-mars-2021\/\">K\u00ebshilli Investimeve, Lajmet Kryesore, Janar \u2013 Mars 2021<\/a><\/li><\/ul><\/div>\n\t\t\t\t<\/div>\n\t\t\t\t\t\t\t<div class=\"elementor-accordion-item\">\n\t\t\t\t\t<div id=\"elementor-tab-title-7807\" class=\"elementor-tab-title\" data-tab=\"7\" role=\"button\" aria-controls=\"elementor-tab-content-7807\" aria-expanded=\"false\">\n\t\t\t\t\t\t\t\t\t\t\t\t\t<span class=\"elementor-accordion-icon elementor-accordion-icon-right\" aria-hidden=\"true\">\n\t\t\t\t\t\t\t\t\t\t\t\t\t\t\t<span class=\"elementor-accordion-icon-closed\"><i class=\"fas fa-plus\"><\/i><\/span>\n\t\t\t\t\t\t\t\t<span class=\"elementor-accordion-icon-opened\"><i class=\"fas fa-minus\"><\/i><\/span>\n\t\t\t\t\t\t\t\t\t\t\t\t\t\t<\/span>\n\t\t\t\t\t\t\t\t\t\t\t\t<a class=\"elementor-accordion-title\" tabindex=\"0\">2020<\/a>\n\t\t\t\t\t<\/div>\n\t\t\t\t\t<div id=\"elementor-tab-content-7807\" class=\"elementor-tab-content elementor-clearfix\" data-tab=\"7\" role=\"region\" aria-labelledby=\"elementor-tab-title-7807\"><ul class=\"display-posts-listing\"><li class=\"listing-item\"><a class=\"title\" href=\"https:\/\/www.investment.com.al\/sq\/newsletter_ic\/keshilli-investimeve-lajmet-kryesore-janar-qershor-2020\/\">K\u00ebshilli Investimeve, Lajmet Kryesore, Janar &#8211; Qershor 2020<\/a><\/li><\/ul><\/div>\n\t\t\t\t<\/div>\n\t\t\t\t\t\t\t\t<\/div>\n\t\t\t\t<\/div>\n\t\t\t\t<\/div>\n\t\t\t\t\t<\/div>\n\t\t<\/div>\n\t\t\t\t\t\t\t<\/div>\n\t\t<\/section>\n\t\t\t\t<section class=\"elementor-section elementor-inner-section elementor-element elementor-element-96cebf8 elementor-section-full_width custom-right-section elementor-section-height-default elementor-section-height-default\" data-id=\"96cebf8\" data-element_type=\"section\" data-settings=\"{&quot;background_background&quot;:&quot;classic&quot;}\">\n\t\t\t\t\t\t<div class=\"elementor-container elementor-column-gap-default\">\n\t\t\t\t\t<div class=\"elementor-column elementor-col-100 elementor-inner-column elementor-element elementor-element-34ece69\" data-id=\"34ece69\" data-element_type=\"column\" data-settings=\"{&quot;background_background&quot;:&quot;classic&quot;}\">\n\t\t\t<div class=\"elementor-widget-wrap elementor-element-populated\">\n\t\t\t\t\t\t\t\t<div class=\"elementor-element elementor-element-242fc05 elementor-position-left elementor-vertical-align-middle elementor-widget elementor-widget-image-box\" data-id=\"242fc05\" data-element_type=\"widget\" data-widget_type=\"image-box.default\">\n\t\t\t\t<div class=\"elementor-widget-container\">\n\t\t\t<style>.elementor-widget-image-box .elementor-image-box-content{width:100%}@media (min-width:768px){.elementor-widget-image-box.elementor-position-left .elementor-image-box-wrapper,.elementor-widget-image-box.elementor-position-right .elementor-image-box-wrapper{display:flex}.elementor-widget-image-box.elementor-position-right .elementor-image-box-wrapper{text-align:right;flex-direction:row-reverse}.elementor-widget-image-box.elementor-position-left .elementor-image-box-wrapper{text-align:left;flex-direction:row}.elementor-widget-image-box.elementor-position-top .elementor-image-box-img{margin:auto}.elementor-widget-image-box.elementor-vertical-align-top .elementor-image-box-wrapper{align-items:flex-start}.elementor-widget-image-box.elementor-vertical-align-middle .elementor-image-box-wrapper{align-items:center}.elementor-widget-image-box.elementor-vertical-align-bottom .elementor-image-box-wrapper{align-items:flex-end}}@media (max-width:767px){.elementor-widget-image-box .elementor-image-box-img{margin-left:auto!important;margin-right:auto!important;margin-bottom:15px}}.elementor-widget-image-box .elementor-image-box-img{display:inline-block}.elementor-widget-image-box .elementor-image-box-title a{color:inherit}.elementor-widget-image-box .elementor-image-box-wrapper{text-align:center}.elementor-widget-image-box .elementor-image-box-description{margin:0}<\/style><div class=\"elementor-image-box-wrapper\"><figure class=\"elementor-image-box-img\"><a href=\"\/wp-content\/uploads\/2022\/12\/AL_Albania-Investment-Council-Newsletter-2018-1.pdf\" target=\"_blank\" tabindex=\"-1\"><img decoding=\"async\" width=\"165\" height=\"228\" src=\"https:\/\/www.investment.com.al\/wp-content\/uploads\/2022\/12\/newsletter.png\" class=\"attachment-full size-full wp-image-4125\" alt=\"\" \/><\/a><\/figure><div class=\"elementor-image-box-content\"><h3 class=\"elementor-image-box-title\"><a href=\"\/wp-content\/uploads\/2022\/12\/AL_Albania-Investment-Council-Newsletter-2018-1.pdf\" target=\"_blank\">Buletini Informativ | 2018<\/a><\/h3><p class=\"elementor-image-box-description\">Shqet\u00ebsimet e sektorit privat t\u00eb trajtuara gjat\u00eb vitit 2018<\/p><\/div><\/div>\t\t<\/div>\n\t\t\t\t<\/div>\n\t\t\t\t<div class=\"elementor-element elementor-element-c5d6531 elementor-position-left elementor-vertical-align-middle elementor-widget elementor-widget-image-box\" data-id=\"c5d6531\" data-element_type=\"widget\" data-widget_type=\"image-box.default\">\n\t\t\t\t<div class=\"elementor-widget-container\">\n\t\t\t<div class=\"elementor-image-box-wrapper\"><figure class=\"elementor-image-box-img\"><a href=\"\/wp-content\/uploads\/2022\/12\/Buletini-Informativ-2017.pdf\" target=\"_blank\" tabindex=\"-1\"><img decoding=\"async\" width=\"165\" height=\"228\" src=\"https:\/\/www.investment.com.al\/wp-content\/uploads\/2022\/12\/newsletter.png\" class=\"attachment-full size-full wp-image-4125\" alt=\"\" \/><\/a><\/figure><div class=\"elementor-image-box-content\"><h3 class=\"elementor-image-box-title\"><a href=\"\/wp-content\/uploads\/2022\/12\/Buletini-Informativ-2017.pdf\" target=\"_blank\">Buletini Informativ | 2017<\/a><\/h3><p class=\"elementor-image-box-description\">K\u00ebshilli i Investimeve nj\u00eb platform\u00eb e orientuar drejt rezultateve p\u00ebr dialog t\u00eb q\u00ebndruesh\u00ebm<\/p><\/div><\/div>\t\t<\/div>\n\t\t\t\t<\/div>\n\t\t\t\t<div class=\"elementor-element elementor-element-99e2948 elementor-position-left elementor-vertical-align-middle elementor-widget elementor-widget-image-box\" data-id=\"99e2948\" data-element_type=\"widget\" data-widget_type=\"image-box.default\">\n\t\t\t\t<div class=\"elementor-widget-container\">\n\t\t\t<div class=\"elementor-image-box-wrapper\"><figure class=\"elementor-image-box-img\"><a href=\"\/wp-content\/uploads\/2022\/12\/AL_Newsletter-2016-2.pdf\" target=\"_blank\" tabindex=\"-1\"><img decoding=\"async\" width=\"165\" height=\"228\" src=\"https:\/\/www.investment.com.al\/wp-content\/uploads\/2022\/12\/newsletter.png\" class=\"attachment-full size-full wp-image-4125\" alt=\"\" \/><\/a><\/figure><div class=\"elementor-image-box-content\"><h3 class=\"elementor-image-box-title\"><a href=\"\/wp-content\/uploads\/2022\/12\/AL_Newsletter-2016-2.pdf\" target=\"_blank\">Buletini Informativ | 2016<\/a><\/h3><p class=\"elementor-image-box-description\">K\u00ebshilli i Investimeve nj\u00eb katalizator p\u00ebr debatin e hapur dhe konstruktiv t\u00eb qeveris\u00eb s\u00eb biznesit<\/p><\/div><\/div>\t\t<\/div>\n\t\t\t\t<\/div>\n\t\t\t\t<div class=\"elementor-element elementor-element-d0478d9 elementor-position-left elementor-vertical-align-middle elementor-widget elementor-widget-image-box\" data-id=\"d0478d9\" data-element_type=\"widget\" data-widget_type=\"image-box.default\">\n\t\t\t\t<div class=\"elementor-widget-container\">\n\t\t\t<div class=\"elementor-image-box-wrapper\"><figure class=\"elementor-image-box-img\"><a href=\"\/wp-content\/uploads\/2022\/12\/AL_Investment-Council_Newsletter-2015-v2.pdf\" target=\"_blank\" tabindex=\"-1\"><img decoding=\"async\" width=\"165\" height=\"228\" src=\"https:\/\/www.investment.com.al\/wp-content\/uploads\/2022\/12\/newsletter.png\" class=\"attachment-full size-full wp-image-4125\" alt=\"\" \/><\/a><\/figure><div class=\"elementor-image-box-content\"><h3 class=\"elementor-image-box-title\"><a href=\"\/wp-content\/uploads\/2022\/12\/AL_Investment-Council_Newsletter-2015-v2.pdf\" target=\"_blank\">Buletini Informativ | 2015<\/a><\/h3><p class=\"elementor-image-box-description\">K\u00ebshilli i Investimeve, nj\u00eb Ur\u00eb lidh\u00ebse mes Qeveris\u00eb dhe Biznesit<\/p><\/div><\/div>\t\t<\/div>\n\t\t\t\t<\/div>\n\t\t\t\t\t<\/div>\n\t\t<\/div>\n\t\t\t\t\t\t\t<\/div>\n\t\t<\/section>\n\t\t\t\t\t<\/div>\n\t\t<\/div>\n\t\t\t\t\t\t\t<\/div>\n\t\t<\/div>\n\t\t\t\t\t\t\t<\/div>\n\t\t","protected":false},"excerpt":{"rendered":"<p>2026 Newsletter, January \u2013 March 2026 2025 Buletini informativ, Tetor &#8211; Dhjetor 2025 Buletini Informativ, Prill &#8211; Qershor 2025 Buletini Informativ, Janar &#8211; Mars 2025 2024 Lajmet Kryesore, Lajmet Kryesore, Tetor &#8211; Dhjetor 2024 K\u00ebshilli Investimeve Lajmet Kryesore, Korrik &#8211; Shtator 2024 K\u00ebshilli Investimeve Lajmet Kryesore, Prill &#8211; Qershor 2024 K\u00ebshilli Investimeve Lajmet Kryesore, Janar [&hellip;]<\/p>\n","protected":false},"author":1,"featured_media":0,"parent":0,"menu_order":0,"comment_status":"closed","ping_status":"closed","template":"elementor_header_footer","meta":{"footnotes":""},"class_list":["post-4124","page","type-page","status-publish","hentry"],"acf":[],"_links":{"self":[{"href":"https:\/\/www.investment.com.al\/sq\/wp-json\/wp\/v2\/pages\/4124","targetHints":{"allow":["GET"]}}],"collection":[{"href":"https:\/\/www.investment.com.al\/sq\/wp-json\/wp\/v2\/pages"}],"about":[{"href":"https:\/\/www.investment.com.al\/sq\/wp-json\/wp\/v2\/types\/page"}],"author":[{"embeddable":true,"href":"https:\/\/www.investment.com.al\/sq\/wp-json\/wp\/v2\/users\/1"}],"replies":[{"embeddable":true,"href":"https:\/\/www.investment.com.al\/sq\/wp-json\/wp\/v2\/comments?post=4124"}],"version-history":[{"count":55,"href":"https:\/\/www.investment.com.al\/sq\/wp-json\/wp\/v2\/pages\/4124\/revisions"}],"predecessor-version":[{"id":12740,"href":"https:\/\/www.investment.com.al\/sq\/wp-json\/wp\/v2\/pages\/4124\/revisions\/12740"}],"wp:attachment":[{"href":"https:\/\/www.investment.com.al\/sq\/wp-json\/wp\/v2\/media?parent=4124"}],"curies":[{"name":"wp","href":"https:\/\/api.w.org\/{rel}","templated":true}]}}