{"id":4389,"date":"2022-12-06T15:23:39","date_gmt":"2022-12-06T15:23:39","guid":{"rendered":"https:\/\/investment.com.al\/feedback-from-ic-members-members-partners\/"},"modified":"2024-12-30T16:10:46","modified_gmt":"2024-12-30T16:10:46","slug":"reagime-nga-anetaret-dhe-partneret-e-ic","status":"publish","type":"page","link":"https:\/\/www.investment.com.al\/sq\/reagime-nga-anetaret-dhe-partneret-e-ic\/","title":{"rendered":"Reagime nga an\u00ebtar\u00ebt dhe partner\u00ebt e IC"},"content":{"rendered":"\t\t<div data-elementor-type=\"wp-page\" data-elementor-id=\"4389\" class=\"elementor elementor-4389 elementor-667\" data-elementor-post-type=\"page\">\n\t\t\t\t\t\t\t\t\t<section class=\"elementor-section elementor-top-section elementor-element elementor-element-4386fcf elementor-section-boxed elementor-section-height-default elementor-section-height-default\" data-id=\"4386fcf\" data-element_type=\"section\" data-settings=\"{&quot;background_background&quot;:&quot;classic&quot;,&quot;sticky&quot;:&quot;top&quot;,&quot;sticky_offset&quot;:110,&quot;sticky_offset_tablet&quot;:95,&quot;sticky_offset_mobile&quot;:70,&quot;sticky_on&quot;:[&quot;desktop&quot;,&quot;laptop&quot;,&quot;tablet_extra&quot;,&quot;tablet&quot;,&quot;mobile_extra&quot;,&quot;mobile&quot;],&quot;sticky_effects_offset&quot;:0}\">\n\t\t\t\t\t\t<div class=\"elementor-container elementor-column-gap-default\">\n\t\t\t\t\t<div class=\"elementor-column elementor-col-100 elementor-top-column elementor-element elementor-element-c937b07\" data-id=\"c937b07\" data-element_type=\"column\">\n\t\t\t<div class=\"elementor-widget-wrap elementor-element-populated\">\n\t\t\t\t\t\t\t\t\t<\/div>\n\t\t<\/div>\n\t\t\t\t\t\t\t<\/div>\n\t\t<\/section>\n\t\t\t\t<div class=\"elementor-section elementor-top-section elementor-element elementor-element-c2257c8 elementor-section-boxed elementor-section-height-default elementor-section-height-default\" data-id=\"c2257c8\" data-element_type=\"section\">\n\t\t\t\t\t\t<div class=\"elementor-container elementor-column-gap-no\">\n\t\t\t\t\t<div class=\"elementor-column elementor-col-100 elementor-top-column elementor-element elementor-element-e53e318\" data-id=\"e53e318\" data-element_type=\"column\" data-settings=\"{&quot;background_background&quot;:&quot;classic&quot;}\">\n\t\t\t<div class=\"elementor-widget-wrap elementor-element-populated\">\n\t\t\t\t\t\t\t\t<div class=\"elementor-element elementor-element-1672326 elementor-position-left elementor-vertical-align-middle custom-image-bo elementor-widget elementor-widget-image-box\" data-id=\"1672326\" data-element_type=\"widget\" data-widget_type=\"image-box.default\">\n\t\t\t\t<div class=\"elementor-widget-container\">\n\t\t\t<style>.elementor-widget-image-box .elementor-image-box-content{width:100%}@media (min-width:768px){.elementor-widget-image-box.elementor-position-left .elementor-image-box-wrapper,.elementor-widget-image-box.elementor-position-right .elementor-image-box-wrapper{display:flex}.elementor-widget-image-box.elementor-position-right .elementor-image-box-wrapper{text-align:right;flex-direction:row-reverse}.elementor-widget-image-box.elementor-position-left .elementor-image-box-wrapper{text-align:left;flex-direction:row}.elementor-widget-image-box.elementor-position-top .elementor-image-box-img{margin:auto}.elementor-widget-image-box.elementor-vertical-align-top .elementor-image-box-wrapper{align-items:flex-start}.elementor-widget-image-box.elementor-vertical-align-middle .elementor-image-box-wrapper{align-items:center}.elementor-widget-image-box.elementor-vertical-align-bottom .elementor-image-box-wrapper{align-items:flex-end}}@media (max-width:767px){.elementor-widget-image-box .elementor-image-box-img{margin-left:auto!important;margin-right:auto!important;margin-bottom:15px}}.elementor-widget-image-box .elementor-image-box-img{display:inline-block}.elementor-widget-image-box .elementor-image-box-title a{color:inherit}.elementor-widget-image-box .elementor-image-box-wrapper{text-align:center}.elementor-widget-image-box .elementor-image-box-description{margin:0}<\/style><div class=\"elementor-image-box-wrapper\"><figure class=\"elementor-image-box-img\"><a href=\"https:\/\/www.investment.com.al\/wp-content\/uploads\/2024\/12\/Komente-nga-Anetare-dhe-Partnere-te-Keshillit-te-Investimeve-2024.pdf\" target=\"_blank\" tabindex=\"-1\"><img decoding=\"async\" width=\"165\" height=\"228\" src=\"https:\/\/www.investment.com.al\/wp-content\/uploads\/2024\/12\/Vleresimi-i-Paleve-te-Interesit-2024.jpg\" class=\"attachment-full size-full wp-image-10481\" alt=\"\" \/><\/a><\/figure><div class=\"elementor-image-box-content\"><h3 class=\"elementor-image-box-title\"><a href=\"https:\/\/www.investment.com.al\/wp-content\/uploads\/2024\/12\/Komente-nga-Anetare-dhe-Partnere-te-Keshillit-te-Investimeve-2024.pdf\" target=\"_blank\">Vler\u00ebsimi i Pal\u00ebve t\u00eb Interesit | 2024<\/a><\/h3><p class=\"elementor-image-box-description\">Vler\u00ebsim nga an\u00ebtar\u00ebt dhe partner\u00ebt<\/p><\/div><\/div>\t\t<\/div>\n\t\t\t\t<\/div>\n\t\t\t\t<div class=\"elementor-element elementor-element-3dfb0c2 elementor-position-left elementor-vertical-align-middle custom-image-bo elementor-widget elementor-widget-image-box\" data-id=\"3dfb0c2\" data-element_type=\"widget\" data-widget_type=\"image-box.default\">\n\t\t\t\t<div class=\"elementor-widget-container\">\n\t\t\t<div class=\"elementor-image-box-wrapper\"><figure class=\"elementor-image-box-img\"><a href=\"\/wp-content\/uploads\/2023\/01\/Komente-nga-anetare-e-bashkepunetore-te-Keshillit-te-Investimeve-2022.pdf\" target=\"_blank\" tabindex=\"-1\"><img decoding=\"async\" width=\"165\" height=\"228\" src=\"https:\/\/www.investment.com.al\/wp-content\/uploads\/2023\/01\/Vleresimi-i-Paleve-te-Interesit.jpg\" class=\"attachment-full size-full wp-image-7489\" alt=\"\" \/><\/a><\/figure><div class=\"elementor-image-box-content\"><h3 class=\"elementor-image-box-title\"><a href=\"\/wp-content\/uploads\/2023\/01\/Komente-nga-anetare-e-bashkepunetore-te-Keshillit-te-Investimeve-2022.pdf\" target=\"_blank\">Vler\u00ebsimi i Pal\u00ebve t\u00eb Interesit | 2022<\/a><\/h3><p class=\"elementor-image-box-description\">Vler\u00ebsim nga an\u00ebtar\u00ebt dhe partner\u00ebt<\/p><\/div><\/div>\t\t<\/div>\n\t\t\t\t<\/div>\n\t\t\t\t<div class=\"elementor-element elementor-element-54ccf29 elementor-position-left elementor-vertical-align-middle custom-image-bo elementor-widget elementor-widget-image-box\" data-id=\"54ccf29\" data-element_type=\"widget\" data-widget_type=\"image-box.default\">\n\t\t\t\t<div class=\"elementor-widget-container\">\n\t\t\t<div class=\"elementor-image-box-wrapper\"><figure class=\"elementor-image-box-img\"><a href=\"\/wp-content\/uploads\/2021\/11\/AL_Komente-nga-anetare-dhe-bashkepunetore-te-KI_2021.pdf\" target=\"_blank\" tabindex=\"-1\"><img decoding=\"async\" width=\"165\" height=\"228\" src=\"https:\/\/www.investment.com.al\/wp-content\/uploads\/2023\/01\/2020-2021-1.jpg\" class=\"attachment-full size-full wp-image-6827\" alt=\"\" \/><\/a><\/figure><div class=\"elementor-image-box-content\"><h3 class=\"elementor-image-box-title\"><a href=\"\/wp-content\/uploads\/2021\/11\/AL_Komente-nga-anetare-dhe-bashkepunetore-te-KI_2021.pdf\" target=\"_blank\">Vler\u00ebsimi i Pal\u00ebve t\u00eb Interesit | 2020-2021<\/a><\/h3><p class=\"elementor-image-box-description\">Vler\u00ebsim nga an\u00ebtar\u00ebt dhe partner\u00ebt<\/p><\/div><\/div>\t\t<\/div>\n\t\t\t\t<\/div>\n\t\t\t\t<div class=\"elementor-element elementor-element-2cadc5b elementor-position-left elementor-vertical-align-middle custom-image-bo elementor-widget elementor-widget-image-box\" data-id=\"2cadc5b\" data-element_type=\"widget\" data-widget_type=\"image-box.default\">\n\t\t\t\t<div class=\"elementor-widget-container\">\n\t\t\t<div class=\"elementor-image-box-wrapper\"><figure class=\"elementor-image-box-img\"><a href=\"\/wp-content\/uploads\/2020\/03\/members-feedback-ic-_AL.pdf\" target=\"_blank\" tabindex=\"-1\"><img loading=\"lazy\" decoding=\"async\" width=\"165\" height=\"228\" src=\"https:\/\/www.investment.com.al\/wp-content\/uploads\/2023\/01\/2018-2019.jpg\" class=\"attachment-full size-full wp-image-6829\" alt=\"\" \/><\/a><\/figure><div class=\"elementor-image-box-content\"><h3 class=\"elementor-image-box-title\"><a href=\"\/wp-content\/uploads\/2020\/03\/members-feedback-ic-_AL.pdf\" target=\"_blank\">Vler\u00ebsimi i Pal\u00ebve t\u00eb Interesit | 2018-2019<\/a><\/h3><p class=\"elementor-image-box-description\">Vler\u00ebsim nga an\u00ebtar\u00ebt dhe partner\u00ebt<\/p><\/div><\/div>\t\t<\/div>\n\t\t\t\t<\/div>\n\t\t\t\t<div class=\"elementor-element elementor-element-bbd8f06 elementor-position-left elementor-vertical-align-middle custom-image-bo elementor-widget elementor-widget-image-box\" data-id=\"bbd8f06\" data-element_type=\"widget\" data-widget_type=\"image-box.default\">\n\t\t\t\t<div class=\"elementor-widget-container\">\n\t\t\t<div class=\"elementor-image-box-wrapper\"><figure class=\"elementor-image-box-img\"><a href=\"\/wp-content\/uploads\/2018\/05\/AL_Feedback_Leaving-Members-2016-2017-1.pdf\" target=\"_blank\" tabindex=\"-1\"><img loading=\"lazy\" decoding=\"async\" width=\"165\" height=\"228\" src=\"https:\/\/www.investment.com.al\/wp-content\/uploads\/2023\/01\/2016-2017-1.jpg\" class=\"attachment-full size-full wp-image-6839\" alt=\"\" \/><\/a><\/figure><div class=\"elementor-image-box-content\"><h3 class=\"elementor-image-box-title\"><a href=\"\/wp-content\/uploads\/2018\/05\/AL_Feedback_Leaving-Members-2016-2017-1.pdf\" target=\"_blank\">Vler\u00ebsimi i Pal\u00ebve t\u00eb Interesit | 2016-2017<\/a><\/h3><p class=\"elementor-image-box-description\">Vler\u00ebsim nga an\u00ebtar\u00ebt dhe partner\u00ebt<\/p><\/div><\/div>\t\t<\/div>\n\t\t\t\t<\/div>\n\t\t\t\t<div class=\"elementor-element elementor-element-9254af5 elementor-position-left elementor-vertical-align-middle custom-image-bo elementor-widget elementor-widget-image-box\" data-id=\"9254af5\" data-element_type=\"widget\" data-widget_type=\"image-box.default\">\n\t\t\t\t<div class=\"elementor-widget-container\">\n\t\t\t<div class=\"elementor-image-box-wrapper\"><figure class=\"elementor-image-box-img\"><a href=\"\/wp-content\/uploads\/2015\/08\/AL_Feedback_Leaving-Members.pdf\" target=\"_blank\" tabindex=\"-1\"><img loading=\"lazy\" decoding=\"async\" width=\"165\" height=\"228\" src=\"https:\/\/www.investment.com.al\/wp-content\/uploads\/2023\/01\/2015-2016.jpg\" class=\"attachment-full size-full wp-image-6837\" alt=\"\" \/><\/a><\/figure><div class=\"elementor-image-box-content\"><h3 class=\"elementor-image-box-title\"><a href=\"\/wp-content\/uploads\/2015\/08\/AL_Feedback_Leaving-Members.pdf\" target=\"_blank\">Vler\u00ebsimi i Pal\u00ebve t\u00eb Interesit | 2015-2016<\/a><\/h3><p class=\"elementor-image-box-description\">Vler\u00ebsim nga an\u00ebtar\u00ebt dhe partner\u00ebt<\/p><\/div><\/div>\t\t<\/div>\n\t\t\t\t<\/div>\n\t\t\t\t\t<\/div>\n\t\t<\/div>\n\t\t\t\t\t\t\t<\/div>\n\t\t<\/div>\n\t\t\t\t\t\t\t<\/div>\n\t\t","protected":false},"excerpt":{"rendered":"<p>Vler\u00ebsimi i Pal\u00ebve t\u00eb Interesit | 2024 Vler\u00ebsim nga an\u00ebtar\u00ebt dhe partner\u00ebt Vler\u00ebsimi i Pal\u00ebve t\u00eb Interesit | 2022 Vler\u00ebsim nga an\u00ebtar\u00ebt dhe partner\u00ebt Vler\u00ebsimi i Pal\u00ebve t\u00eb Interesit | 2020-2021 Vler\u00ebsim nga an\u00ebtar\u00ebt dhe partner\u00ebt Vler\u00ebsimi i Pal\u00ebve t\u00eb Interesit | 2018-2019 Vler\u00ebsim nga an\u00ebtar\u00ebt dhe partner\u00ebt Vler\u00ebsimi i Pal\u00ebve t\u00eb Interesit | 2016-2017 [&hellip;]<\/p>\n","protected":false},"author":1,"featured_media":0,"parent":0,"menu_order":0,"comment_status":"closed","ping_status":"closed","template":"elementor_header_footer","meta":{"footnotes":""},"class_list":["post-4389","page","type-page","status-publish","hentry"],"acf":[],"_links":{"self":[{"href":"https:\/\/www.investment.com.al\/sq\/wp-json\/wp\/v2\/pages\/4389","targetHints":{"allow":["GET"]}}],"collection":[{"href":"https:\/\/www.investment.com.al\/sq\/wp-json\/wp\/v2\/pages"}],"about":[{"href":"https:\/\/www.investment.com.al\/sq\/wp-json\/wp\/v2\/types\/page"}],"author":[{"embeddable":true,"href":"https:\/\/www.investment.com.al\/sq\/wp-json\/wp\/v2\/users\/1"}],"replies":[{"embeddable":true,"href":"https:\/\/www.investment.com.al\/sq\/wp-json\/wp\/v2\/comments?post=4389"}],"version-history":[{"count":47,"href":"https:\/\/www.investment.com.al\/sq\/wp-json\/wp\/v2\/pages\/4389\/revisions"}],"predecessor-version":[{"id":10530,"href":"https:\/\/www.investment.com.al\/sq\/wp-json\/wp\/v2\/pages\/4389\/revisions\/10530"}],"wp:attachment":[{"href":"https:\/\/www.investment.com.al\/sq\/wp-json\/wp\/v2\/media?parent=4389"}],"curies":[{"name":"wp","href":"https:\/\/api.w.org\/{rel}","templated":true}]}}