{"id":6549,"date":"2023-01-09T16:48:09","date_gmt":"2023-01-09T16:48:09","guid":{"rendered":"https:\/\/investment.com.al\/faqs\/"},"modified":"2023-01-09T17:22:48","modified_gmt":"2023-01-09T17:22:48","slug":"pyetje-te-shtruara-shpesh","status":"publish","type":"page","link":"https:\/\/www.investment.com.al\/sq\/pyetje-te-shtruara-shpesh\/","title":{"rendered":"Pyetje t\u00eb shtruara shpesh"},"content":{"rendered":"\t\t<div data-elementor-type=\"wp-page\" data-elementor-id=\"6549\" class=\"elementor elementor-6549 elementor-6521\" data-elementor-post-type=\"page\">\n\t\t\t\t\t\t\t\t\t<section class=\"elementor-section elementor-top-section elementor-element elementor-element-6ea0077e elementor-section-boxed elementor-section-height-default elementor-section-height-default\" data-id=\"6ea0077e\" data-element_type=\"section\" data-settings=\"{&quot;background_background&quot;:&quot;classic&quot;,&quot;sticky&quot;:&quot;top&quot;,&quot;sticky_offset&quot;:110,&quot;sticky_offset_tablet&quot;:95,&quot;sticky_offset_mobile&quot;:70,&quot;sticky_on&quot;:[&quot;desktop&quot;,&quot;laptop&quot;,&quot;tablet_extra&quot;,&quot;tablet&quot;,&quot;mobile_extra&quot;,&quot;mobile&quot;],&quot;sticky_effects_offset&quot;:0}\">\n\t\t\t\t\t\t<div class=\"elementor-container elementor-column-gap-default\">\n\t\t\t\t\t<div class=\"elementor-column elementor-col-100 elementor-top-column elementor-element elementor-element-62a2f100\" data-id=\"62a2f100\" data-element_type=\"column\">\n\t\t\t<div class=\"elementor-widget-wrap elementor-element-populated\">\n\t\t\t\t\t\t\t\t\t<\/div>\n\t\t<\/div>\n\t\t\t\t\t\t\t<\/div>\n\t\t<\/section>\n\t\t\t\t<div class=\"elementor-section elementor-top-section elementor-element elementor-element-47b1c973 elementor-section-full_width elementor-section-height-default elementor-section-height-default\" data-id=\"47b1c973\" data-element_type=\"section\">\n\t\t\t\t\t\t<div class=\"elementor-container elementor-column-gap-no\">\n\t\t\t\t\t<div class=\"elementor-column elementor-col-100 elementor-top-column elementor-element elementor-element-3bb9a34\" data-id=\"3bb9a34\" data-element_type=\"column\" data-settings=\"{&quot;background_background&quot;:&quot;classic&quot;}\">\n\t\t\t<div class=\"elementor-widget-wrap elementor-element-populated\">\n\t\t\t\t\t\t\t\t<section class=\"elementor-section elementor-inner-section elementor-element elementor-element-4cf2f32e custom-right-section elementor-section-boxed elementor-section-height-default elementor-section-height-default\" data-id=\"4cf2f32e\" data-element_type=\"section\" data-settings=\"{&quot;background_background&quot;:&quot;classic&quot;}\">\n\t\t\t\t\t\t<div class=\"elementor-container elementor-column-gap-default\">\n\t\t\t\t\t<div class=\"elementor-column elementor-col-100 elementor-inner-column elementor-element elementor-element-1fc56c34\" data-id=\"1fc56c34\" data-element_type=\"column\" data-settings=\"{&quot;background_background&quot;:&quot;classic&quot;}\">\n\t\t\t<div class=\"elementor-widget-wrap elementor-element-populated\">\n\t\t\t\t\t\t\t\t<div class=\"elementor-element elementor-element-3b6c198 elementor-widget elementor-widget-toggle\" data-id=\"3b6c198\" data-element_type=\"widget\" data-widget_type=\"toggle.default\">\n\t\t\t\t<div class=\"elementor-widget-container\">\n\t\t\t<style>.elementor-toggle{text-align:left}.elementor-toggle .elementor-tab-title{font-weight:700;line-height:1;margin:0;padding:15px;border-bottom:1px solid #d5d8dc;cursor:pointer;outline:none}.elementor-toggle .elementor-tab-title .elementor-toggle-icon{display:inline-block;width:1em}.elementor-toggle .elementor-tab-title .elementor-toggle-icon svg{margin-inline-start:-5px;width:1em;height:1em}.elementor-toggle .elementor-tab-title .elementor-toggle-icon.elementor-toggle-icon-right{float:right;text-align:right}.elementor-toggle .elementor-tab-title .elementor-toggle-icon.elementor-toggle-icon-left{float:left;text-align:left}.elementor-toggle .elementor-tab-title .elementor-toggle-icon .elementor-toggle-icon-closed{display:block}.elementor-toggle .elementor-tab-title .elementor-toggle-icon .elementor-toggle-icon-opened{display:none}.elementor-toggle .elementor-tab-title.elementor-active{border-bottom:none}.elementor-toggle .elementor-tab-title.elementor-active .elementor-toggle-icon-closed{display:none}.elementor-toggle .elementor-tab-title.elementor-active .elementor-toggle-icon-opened{display:block}.elementor-toggle .elementor-tab-content{padding:15px;border-bottom:1px solid #d5d8dc;display:none}@media (max-width:767px){.elementor-toggle .elementor-tab-title{padding:12px}.elementor-toggle .elementor-tab-content{padding:12px 10px}}.e-con-inner>.elementor-widget-toggle,.e-con>.elementor-widget-toggle{width:var(--container-widget-width);--flex-grow:var(--container-widget-flex-grow)}<\/style>\t\t<div class=\"elementor-toggle\">\n\t\t\t\t\t\t\t<div class=\"elementor-toggle-item\">\n\t\t\t\t\t<div id=\"elementor-tab-title-6231\" class=\"elementor-tab-title\" data-tab=\"1\" role=\"button\" aria-controls=\"elementor-tab-content-6231\" aria-expanded=\"false\">\n\t\t\t\t\t\t\t\t\t\t\t\t<a class=\"elementor-toggle-title\" tabindex=\"0\">Cil\u00ebt jan\u00eb an\u00ebtar\u00ebt e K\u00ebshillit t\u00eb Investimeve nga komuniteti i biznesit?<\/a>\n\t\t\t\t\t<\/div>\n\n\t\t\t\t\t<div id=\"elementor-tab-content-6231\" class=\"elementor-tab-content elementor-clearfix\" data-tab=\"1\" role=\"region\" aria-labelledby=\"elementor-tab-title-6231\">An\u00ebtar\u00ebt e K\u00ebshillit t\u00eb Investimeve jan\u00eb me status t\u00eb p\u00ebrhersh\u00ebm dhe jo t\u00eb p\u00ebrhersh\u00ebm. P\u00ebrfaq\u00ebsuesit e biznesit jan\u00eb gjasht\u00eb dhe p\u00ebr t\u00eb patur interesimin dhe kontributin e tyre t\u00eb v\u00ebrtet\u00eb, ata p\u00ebrzgjidhen n\u00eb baz\u00eb t\u00eb axhend\u00ebs s\u00eb miratuar t\u00eb KI. KI nuk ka an\u00ebtar\u00eb t\u00eb p\u00ebrhersh\u00ebm nga komuniteti i biznesit (VKM 294, pika 5).\n\n<\/div>\n\t\t\t\t<\/div>\n\t\t\t\t\t\t\t<div class=\"elementor-toggle-item\">\n\t\t\t\t\t<div id=\"elementor-tab-title-6232\" class=\"elementor-tab-title\" data-tab=\"2\" role=\"button\" aria-controls=\"elementor-tab-content-6232\" aria-expanded=\"false\">\n\t\t\t\t\t\t\t\t\t\t\t\t<a class=\"elementor-toggle-title\" tabindex=\"0\">Si b\u00ebhet p\u00ebrzgjedhja e tematikave?<\/a>\n\t\t\t\t\t<\/div>\n\n\t\t\t\t\t<div id=\"elementor-tab-content-6232\" class=\"elementor-tab-content elementor-clearfix\" data-tab=\"2\" role=\"region\" aria-labelledby=\"elementor-tab-title-6232\"><p>Fillimisht, Kryetari i Sekretariatit me ndihm\u00ebn e ekspert\u00ebve organizon mbledhje me p\u00ebrfaq\u00ebsues t\u00eb biznesit p\u00ebr t\u00eb identifikuar problematika t\u00eb v\u00ebrteta.<br>S\u00eb dyti, stafi i Sekretariati liston \u00e7\u00ebshtjet e identifikuara dhe ia paraqet ato an\u00ebtar\u00ebve t\u00eb KI n\u00eb form\u00ebn e nj\u00eb draft axhende p\u00ebr aprovim si \u00e7\u00ebshtje p\u00ebr t\u2019u ndjekur.<br>S\u00eb treti, me futjen e problematik\u00ebs n\u00eb axhend\u00eb, Sekretariati i KI p\u00ebrgatit nj\u00eb analiz\u00eb t\u00eb thelluar, diagnostikon dhe p\u00ebrgatit rekomandime p\u00ebr t\u2019u miratuar nga an\u00ebtar\u00ebt e K\u00ebshillit t\u00eb Investimeve.<br>\nS\u00eb kat\u00ebrti, stafi i Sekretariatit, me miratim t\u00eb K\u00ebshillit ndjek n\u00eb vijim hapat e m\u00ebtejsh\u00ebm derisa t\u00eb miratohen nga KM apo institucione t\u00eb tjera qeveritare.<br>T\u00eb gjith\u00eb hapat e m\u00ebsip\u00ebrm do t\u00eb publikohen n\u00eb faqen e Sekretariatit t\u00eb K\u00ebshililt t\u00eb Investimeve p\u00ebr t\u00eb treguar transparenc\u00ebn gjat\u00eb pro\u00e7esit.<\/p><\/div>\n\t\t\t\t<\/div>\n\t\t\t\t\t\t\t<div class=\"elementor-toggle-item\">\n\t\t\t\t\t<div id=\"elementor-tab-title-6233\" class=\"elementor-tab-title\" data-tab=\"3\" role=\"button\" aria-controls=\"elementor-tab-content-6233\" aria-expanded=\"false\">\n\t\t\t\t\t\t\t\t\t\t\t\t<a class=\"elementor-toggle-title\" tabindex=\"0\">A nuk dominojn\u00eb p\u00ebrfaq\u00ebsuesit e qeveris\u00eb n\u00eb K\u00ebshillin e Investimeve?<\/a>\n\t\t\t\t\t<\/div>\n\n\t\t\t\t\t<div id=\"elementor-tab-content-6233\" class=\"elementor-tab-content elementor-clearfix\" data-tab=\"3\" role=\"region\" aria-labelledby=\"elementor-tab-title-6233\">N\u00ebse i referohemi numrave t\u00eb p\u00ebrcaktuar n\u00eb VKM 294, jan\u00eb 15 an\u00ebtar\u00eb, tre donator\u00eb dhe gjasht\u00eb p\u00ebrfaq\u00ebsues t\u00eb qeveris\u00eb, tre p\u00ebrfaq\u00ebsues t\u00eb biznesit dhe tre nga shoqatat e biznesit. Sekretariati ka t\u00eb drejt\u00eb t\u00eb identifikoj\u00eb dhe p\u00ebrzgjedh\u00eb p\u00ebrfaq\u00ebsuesit e biznesit (VKM 294, pika 5). Kryetari i Sekretaritit, mund t\u00eb k\u00ebrkoj\u00eb p\u00ebrfaq\u00ebsues t\u00eb tjer\u00eb p\u00ebr t\u2019u b\u00ebr\u00eb an\u00ebtar\u00eb nga shoq\u00ebria civile etj., por gjithmon\u00eb n\u00eb koherenc\u00eb me axhend\u00ebn (VKM 294, pika 6). M\u00eb shum\u00eb detatje gjenden n\u00eb rregulloren e brendshme.\n\n<\/div>\n\t\t\t\t<\/div>\n\t\t\t\t\t\t\t<div class=\"elementor-toggle-item\">\n\t\t\t\t\t<div id=\"elementor-tab-title-6234\" class=\"elementor-tab-title\" data-tab=\"4\" role=\"button\" aria-controls=\"elementor-tab-content-6234\" aria-expanded=\"false\">\n\t\t\t\t\t\t\t\t\t\t\t\t<a class=\"elementor-toggle-title\" tabindex=\"0\">Sa shpesh mblidhet K\u00ebshilli i Investimeve? Kur do t\u00eb mbahet mbledhja e ardhshme?<\/a>\n\t\t\t\t\t<\/div>\n\n\t\t\t\t\t<div id=\"elementor-tab-content-6234\" class=\"elementor-tab-content elementor-clearfix\" data-tab=\"4\" role=\"region\" aria-labelledby=\"elementor-tab-title-6234\">N\u00eb p\u00ebrputhje me pik\u00ebn 16 t\u00eb VKM 294, KI mblidhet t\u00eb pakt\u00ebn gjasht\u00eb her\u00eb n\u00eb vit.\n\n<\/div>\n\t\t\t\t<\/div>\n\t\t\t\t\t\t\t<div class=\"elementor-toggle-item\">\n\t\t\t\t\t<div id=\"elementor-tab-title-6235\" class=\"elementor-tab-title\" data-tab=\"5\" role=\"button\" aria-controls=\"elementor-tab-content-6235\" aria-expanded=\"false\">\n\t\t\t\t\t\t\t\t\t\t\t\t<a class=\"elementor-toggle-title\" tabindex=\"0\">Kush vendos vendos mbi axhend\u00ebn?<\/a>\n\t\t\t\t\t<\/div>\n\n\t\t\t\t\t<div id=\"elementor-tab-content-6235\" class=\"elementor-tab-content elementor-clearfix\" data-tab=\"5\" role=\"region\" aria-labelledby=\"elementor-tab-title-6235\">Sekretariati propozon nj\u00eb draft axhende, bazuar mbi propozime nga sektori privat dhe ia paraqet ato K\u00ebshillit t\u00eb Investimeve p\u00ebr miratim (VMK 294, pika 14 dhe 15).\n\n<\/div>\n\t\t\t\t<\/div>\n\t\t\t\t\t\t\t<div class=\"elementor-toggle-item\">\n\t\t\t\t\t<div id=\"elementor-tab-title-6236\" class=\"elementor-tab-title\" data-tab=\"6\" role=\"button\" aria-controls=\"elementor-tab-content-6236\" aria-expanded=\"false\">\n\t\t\t\t\t\t\t\t\t\t\t\t<a class=\"elementor-toggle-title\" tabindex=\"0\">Si organizohet dhe mbahet nj\u00eb mbledhje?<\/a>\n\t\t\t\t\t<\/div>\n\n\t\t\t\t\t<div id=\"elementor-tab-content-6236\" class=\"elementor-tab-content elementor-clearfix\" data-tab=\"6\" role=\"region\" aria-labelledby=\"elementor-tab-title-6236\"><p>Shkurtimit pro\u00e7esi p\u00ebrmblidhet si m\u00eb posht\u00eb.<br>\nBazuar n\u00eb axhend\u00ebn vjetore apo 6-mujore, Sekretariati p\u00ebrgatit nj\u00eb plan veprimi ku p\u00ebrfshihen gj\u00ebrat p\u00ebr t\u00eb b\u00ebr\u00eb, personat dhe institucionet p\u00ebrgjegj\u00ebse dhe data e dor\u00ebzimit t\u00eb rekomandimeve.<br>Sekretariati d\u00ebrgon paraprakisht axhend\u00ebn e mbledhjes s\u00eb ardhshme, dokumentet p\u00ebrkat\u00ebse t\u00eb p\u00ebrgatitura nga ekspert\u00ebt. P\u00ebr secil\u00ebn tematik\u00eb, p\u00ebrgatitet nj\u00eb dokument shpjegues p\u00ebrgatitur nga ekspert\u00ebt e Sekretariatit. Rekomandimet duhet t\u00eb miratohen ose JO. M\u00eb pas, p\u00ebrgatiten minutat e mbledhjes dhe d\u00ebrgohen me e-mail tek an\u00ebtar\u00ebt brenda 5-7 dit\u00ebve.<br>Pas miratimit t\u00eb minutave, ato publikohen n\u00eb faqen e internetit dhe Sekretariati vijon me ndjekjen e hapave t\u00eb m\u00ebtejsh\u00ebm.<\/p><\/div>\n\t\t\t\t<\/div>\n\t\t\t\t\t\t\t<div class=\"elementor-toggle-item\">\n\t\t\t\t\t<div id=\"elementor-tab-title-6237\" class=\"elementor-tab-title\" data-tab=\"7\" role=\"button\" aria-controls=\"elementor-tab-content-6237\" aria-expanded=\"false\">\n\t\t\t\t\t\t\t\t\t\t\t\t<a class=\"elementor-toggle-title\" tabindex=\"0\">\u00c7far\u00eb ndodh nga nj\u00eb mbledhje n\u00eb tjetr\u00ebn?<\/a>\n\t\t\t\t\t<\/div>\n\n\t\t\t\t\t<div id=\"elementor-tab-content-6237\" class=\"elementor-tab-content elementor-clearfix\" data-tab=\"7\" role=\"region\" aria-labelledby=\"elementor-tab-title-6237\">Stafi i Sekretariatit punon s\u00eb bashku me Ekspert\u00ebt p\u00ebr t\u00eb p\u00ebrgatitur \u00e7\u00ebshtje analitike dhe p\u00ebr t\u00eb hartuar raporte p\u00ebrkat\u00ebse. Stafi monitoron zbatimin e rekomandimeve nd\u00ebrkoh\u00eb q\u00eb merr pjes\u00eb n\u00eb mbledhje, aktivitete dhe konferenca. \u00cbsht\u00eb shum\u00eb e r\u00ebnd\u00ebsishme, p\u00ebr t\u2019u informuar mbi t\u00eb rejat e fundit n\u00eb lidhje me biznesin dhe qeverin\u00eb n\u00eb koh\u00eb reale.\n\n<\/div>\n\t\t\t\t<\/div>\n\t\t\t\t\t\t\t<div class=\"elementor-toggle-item\">\n\t\t\t\t\t<div id=\"elementor-tab-title-6238\" class=\"elementor-tab-title\" data-tab=\"8\" role=\"button\" aria-controls=\"elementor-tab-content-6238\" aria-expanded=\"false\">\n\t\t\t\t\t\t\t\t\t\t\t\t<a class=\"elementor-toggle-title\" tabindex=\"0\">Cila \u00ebsht\u00eb marr\u00ebdh\u00ebnia midis K\u00ebshillit t\u00eb Investimeve dhe K\u00ebshillit Ekonomik Komb\u00ebtar?<\/a>\n\t\t\t\t\t<\/div>\n\n\t\t\t\t\t<div id=\"elementor-tab-content-6238\" class=\"elementor-tab-content elementor-clearfix\" data-tab=\"8\" role=\"region\" aria-labelledby=\"elementor-tab-title-6238\">KEK \u00ebsht\u00eb themeluar me Ligj dhe \u00ebsht\u00eb nj\u00eb instrument i nj\u00eb niveli t\u00eb lart\u00eb, nd\u00ebrsa K\u00ebshilli i Investimeve \u00ebsht\u00eb m\u00eb tep\u00ebr n\u00eb nivel teknik, duke bazuar m\u00ebnyr\u00ebn e pun\u00ebs t\u00eb orientuar nga problematika e biznesit dhe m\u00eb i specializuar n\u00eb klim\u00ebn e investimeve. KI ndihmon KEK me k\u00ebshillim mbi \u00e7\u00ebshtje t\u00eb klim\u00ebs s\u00eb investimeve. \u00c7\u00ebshtjet jan\u00eb konsultuar paraprakisht me biznesin.<\/div>\n\t\t\t\t<\/div>\n\t\t\t\t\t\t\t<div class=\"elementor-toggle-item\">\n\t\t\t\t\t<div id=\"elementor-tab-title-6239\" class=\"elementor-tab-title\" data-tab=\"9\" role=\"button\" aria-controls=\"elementor-tab-content-6239\" aria-expanded=\"false\">\n\t\t\t\t\t\t\t\t\t\t\t\t<a class=\"elementor-toggle-title\" tabindex=\"0\">Si mund t\u00eb angazhohen bizneset me Sekretariatin e K\u00ebshillit t\u00eb Investimeve?<\/a>\n\t\t\t\t\t<\/div>\n\n\t\t\t\t\t<div id=\"elementor-tab-content-6239\" class=\"elementor-tab-content elementor-clearfix\" data-tab=\"9\" role=\"region\" aria-labelledby=\"elementor-tab-title-6239\">Dera \u00ebsht\u00eb e hapur p\u00ebr k\u00ebdo. Mund t\u00eb na kontaktoni n\u00eb \u00e7do koh\u00eb (e-mail, telefon).<\/div>\n\t\t\t\t<\/div>\n\t\t\t\t\t\t\t<div class=\"elementor-toggle-item\">\n\t\t\t\t\t<div id=\"elementor-tab-title-62310\" class=\"elementor-tab-title\" data-tab=\"10\" role=\"button\" aria-controls=\"elementor-tab-content-62310\" aria-expanded=\"false\">\n\t\t\t\t\t\t\t\t\t\t\t\t<a class=\"elementor-toggle-title\" tabindex=\"0\">Si mund t\u00eb lidhem n\u00eb rast se d\u00ebshiroj t\u00eb ngrej nj\u00eb \u00e7\u00ebshtje?<\/a>\n\t\t\t\t\t<\/div>\n\n\t\t\t\t\t<div id=\"elementor-tab-content-62310\" class=\"elementor-tab-content elementor-clearfix\" data-tab=\"10\" role=\"region\" aria-labelledby=\"elementor-tab-title-62310\">Mund t\u00eb paraqiteni pran\u00eb zyr\u00ebs s\u00eb Sekteriatit dhe t\u00eb shpjegoni problemin tuaj apo t\u00eb k\u00ebrkoni nj\u00eb takim n\u00eb adres\u00ebn e-mailit: info@investment.com.al<\/div>\n\t\t\t\t<\/div>\n\t\t\t\t\t\t\t\t\t\t<script type=\"application\/ld+json\">{\"@context\":\"https:\\\/\\\/schema.org\",\"@type\":\"FAQPage\",\"mainEntity\":[{\"@type\":\"Question\",\"name\":\"Cil\\u00ebt jan\\u00eb an\\u00ebtar\\u00ebt e K\\u00ebshillit t\\u00eb Investimeve nga komuniteti i biznesit?\",\"acceptedAnswer\":{\"@type\":\"Answer\",\"text\":\"An\\u00ebtar\\u00ebt e K\\u00ebshillit t\\u00eb Investimeve jan\\u00eb me status t\\u00eb p\\u00ebrhersh\\u00ebm dhe jo t\\u00eb p\\u00ebrhersh\\u00ebm. P\\u00ebrfaq\\u00ebsuesit e biznesit jan\\u00eb gjasht\\u00eb dhe p\\u00ebr t\\u00eb patur interesimin dhe kontributin e tyre t\\u00eb v\\u00ebrtet\\u00eb, ata p\\u00ebrzgjidhen n\\u00eb baz\\u00eb t\\u00eb axhend\\u00ebs s\\u00eb miratuar t\\u00eb KI. KI nuk ka an\\u00ebtar\\u00eb t\\u00eb p\\u00ebrhersh\\u00ebm nga komuniteti i biznesit (VKM 294, pika 5).\\n\\n\"}},{\"@type\":\"Question\",\"name\":\"Si b\\u00ebhet p\\u00ebrzgjedhja e tematikave?\",\"acceptedAnswer\":{\"@type\":\"Answer\",\"text\":\"<p>Fillimisht, Kryetari i Sekretariatit me ndihm\\u00ebn e ekspert\\u00ebve organizon mbledhje me p\\u00ebrfaq\\u00ebsues t\\u00eb biznesit p\\u00ebr t\\u00eb identifikuar problematika t\\u00eb v\\u00ebrteta.<br>S\\u00eb dyti, stafi i Sekretariati liston \\u00e7\\u00ebshtjet e identifikuara dhe ia paraqet ato an\\u00ebtar\\u00ebve t\\u00eb KI n\\u00eb form\\u00ebn e nj\\u00eb draft axhende p\\u00ebr aprovim si \\u00e7\\u00ebshtje p\\u00ebr t\\u2019u ndjekur.<br>S\\u00eb treti, me futjen e problematik\\u00ebs n\\u00eb axhend\\u00eb, Sekretariati i KI p\\u00ebrgatit nj\\u00eb analiz\\u00eb t\\u00eb thelluar, diagnostikon dhe p\\u00ebrgatit rekomandime p\\u00ebr t\\u2019u miratuar nga an\\u00ebtar\\u00ebt e K\\u00ebshillit t\\u00eb Investimeve.<br>\\nS\\u00eb kat\\u00ebrti, stafi i Sekretariatit, me miratim t\\u00eb K\\u00ebshillit ndjek n\\u00eb vijim hapat e m\\u00ebtejsh\\u00ebm derisa t\\u00eb miratohen nga KM apo institucione t\\u00eb tjera qeveritare.<br>T\\u00eb gjith\\u00eb hapat e m\\u00ebsip\\u00ebrm do t\\u00eb publikohen n\\u00eb faqen e Sekretariatit t\\u00eb K\\u00ebshililt t\\u00eb Investimeve p\\u00ebr t\\u00eb treguar transparenc\\u00ebn gjat\\u00eb pro\\u00e7esit.<\\\/p>\"}},{\"@type\":\"Question\",\"name\":\"A nuk dominojn\\u00eb p\\u00ebrfaq\\u00ebsuesit e qeveris\\u00eb n\\u00eb K\\u00ebshillin e Investimeve?\",\"acceptedAnswer\":{\"@type\":\"Answer\",\"text\":\"N\\u00ebse i referohemi numrave t\\u00eb p\\u00ebrcaktuar n\\u00eb VKM 294, jan\\u00eb 15 an\\u00ebtar\\u00eb, tre donator\\u00eb dhe gjasht\\u00eb p\\u00ebrfaq\\u00ebsues t\\u00eb qeveris\\u00eb, tre p\\u00ebrfaq\\u00ebsues t\\u00eb biznesit dhe tre nga shoqatat e biznesit. Sekretariati ka t\\u00eb drejt\\u00eb t\\u00eb identifikoj\\u00eb dhe p\\u00ebrzgjedh\\u00eb p\\u00ebrfaq\\u00ebsuesit e biznesit (VKM 294, pika 5). Kryetari i Sekretaritit, mund t\\u00eb k\\u00ebrkoj\\u00eb p\\u00ebrfaq\\u00ebsues t\\u00eb tjer\\u00eb p\\u00ebr t\\u2019u b\\u00ebr\\u00eb an\\u00ebtar\\u00eb nga shoq\\u00ebria civile etj., por gjithmon\\u00eb n\\u00eb koherenc\\u00eb me axhend\\u00ebn (VKM 294, pika 6). M\\u00eb shum\\u00eb detatje gjenden n\\u00eb rregulloren e brendshme.\\n\\n\"}},{\"@type\":\"Question\",\"name\":\"Sa shpesh mblidhet K\\u00ebshilli i Investimeve? Kur do t\\u00eb mbahet mbledhja e ardhshme?\",\"acceptedAnswer\":{\"@type\":\"Answer\",\"text\":\"N\\u00eb p\\u00ebrputhje me pik\\u00ebn 16 t\\u00eb VKM 294, KI mblidhet t\\u00eb pakt\\u00ebn gjasht\\u00eb her\\u00eb n\\u00eb vit.\\n\\n\"}},{\"@type\":\"Question\",\"name\":\"Kush vendos vendos mbi axhend\\u00ebn?\",\"acceptedAnswer\":{\"@type\":\"Answer\",\"text\":\"Sekretariati propozon nj\\u00eb draft axhende, bazuar mbi propozime nga sektori privat dhe ia paraqet ato K\\u00ebshillit t\\u00eb Investimeve p\\u00ebr miratim (VMK 294, pika 14 dhe 15).\\n\\n\"}},{\"@type\":\"Question\",\"name\":\"Si organizohet dhe mbahet nj\\u00eb mbledhje?\",\"acceptedAnswer\":{\"@type\":\"Answer\",\"text\":\"<p>Shkurtimit pro\\u00e7esi p\\u00ebrmblidhet si m\\u00eb posht\\u00eb.<br>\\nBazuar n\\u00eb axhend\\u00ebn vjetore apo 6-mujore, Sekretariati p\\u00ebrgatit nj\\u00eb plan veprimi ku p\\u00ebrfshihen gj\\u00ebrat p\\u00ebr t\\u00eb b\\u00ebr\\u00eb, personat dhe institucionet p\\u00ebrgjegj\\u00ebse dhe data e dor\\u00ebzimit t\\u00eb rekomandimeve.<br>Sekretariati d\\u00ebrgon paraprakisht axhend\\u00ebn e mbledhjes s\\u00eb ardhshme, dokumentet p\\u00ebrkat\\u00ebse t\\u00eb p\\u00ebrgatitura nga ekspert\\u00ebt. P\\u00ebr secil\\u00ebn tematik\\u00eb, p\\u00ebrgatitet nj\\u00eb dokument shpjegues p\\u00ebrgatitur nga ekspert\\u00ebt e Sekretariatit. Rekomandimet duhet t\\u00eb miratohen ose JO. M\\u00eb pas, p\\u00ebrgatiten minutat e mbledhjes dhe d\\u00ebrgohen me e-mail tek an\\u00ebtar\\u00ebt brenda 5-7 dit\\u00ebve.<br>Pas miratimit t\\u00eb minutave, ato publikohen n\\u00eb faqen e internetit dhe Sekretariati vijon me ndjekjen e hapave t\\u00eb m\\u00ebtejsh\\u00ebm.<\\\/p>\"}},{\"@type\":\"Question\",\"name\":\"\\u00c7far\\u00eb ndodh nga nj\\u00eb mbledhje n\\u00eb tjetr\\u00ebn?\",\"acceptedAnswer\":{\"@type\":\"Answer\",\"text\":\"Stafi i Sekretariatit punon s\\u00eb bashku me Ekspert\\u00ebt p\\u00ebr t\\u00eb p\\u00ebrgatitur \\u00e7\\u00ebshtje analitike dhe p\\u00ebr t\\u00eb hartuar raporte p\\u00ebrkat\\u00ebse. Stafi monitoron zbatimin e rekomandimeve nd\\u00ebrkoh\\u00eb q\\u00eb merr pjes\\u00eb n\\u00eb mbledhje, aktivitete dhe konferenca. \\u00cbsht\\u00eb shum\\u00eb e r\\u00ebnd\\u00ebsishme, p\\u00ebr t\\u2019u informuar mbi t\\u00eb rejat e fundit n\\u00eb lidhje me biznesin dhe qeverin\\u00eb n\\u00eb koh\\u00eb reale.\\n\\n\"}},{\"@type\":\"Question\",\"name\":\"Cila \\u00ebsht\\u00eb marr\\u00ebdh\\u00ebnia midis K\\u00ebshillit t\\u00eb Investimeve dhe K\\u00ebshillit Ekonomik Komb\\u00ebtar?\",\"acceptedAnswer\":{\"@type\":\"Answer\",\"text\":\"KEK \\u00ebsht\\u00eb themeluar me Ligj dhe \\u00ebsht\\u00eb nj\\u00eb instrument i nj\\u00eb niveli t\\u00eb lart\\u00eb, nd\\u00ebrsa K\\u00ebshilli i Investimeve \\u00ebsht\\u00eb m\\u00eb tep\\u00ebr n\\u00eb nivel teknik, duke bazuar m\\u00ebnyr\\u00ebn e pun\\u00ebs t\\u00eb orientuar nga problematika e biznesit dhe m\\u00eb i specializuar n\\u00eb klim\\u00ebn e investimeve. KI ndihmon KEK me k\\u00ebshillim mbi \\u00e7\\u00ebshtje t\\u00eb klim\\u00ebs s\\u00eb investimeve. \\u00c7\\u00ebshtjet jan\\u00eb konsultuar paraprakisht me biznesin.\"}},{\"@type\":\"Question\",\"name\":\"Si mund t\\u00eb angazhohen bizneset me Sekretariatin e K\\u00ebshillit t\\u00eb Investimeve?\",\"acceptedAnswer\":{\"@type\":\"Answer\",\"text\":\"Dera \\u00ebsht\\u00eb e hapur p\\u00ebr k\\u00ebdo. Mund t\\u00eb na kontaktoni n\\u00eb \\u00e7do koh\\u00eb (e-mail, telefon).\"}},{\"@type\":\"Question\",\"name\":\"Si mund t\\u00eb lidhem n\\u00eb rast se d\\u00ebshiroj t\\u00eb ngrej nj\\u00eb \\u00e7\\u00ebshtje?\",\"acceptedAnswer\":{\"@type\":\"Answer\",\"text\":\"Mund t\\u00eb paraqiteni pran\\u00eb zyr\\u00ebs s\\u00eb Sekteriatit dhe t\\u00eb shpjegoni problemin tuaj apo t\\u00eb k\\u00ebrkoni nj\\u00eb takim n\\u00eb adres\\u00ebn e-mailit: info@investment.com.al\"}}]}<\/script>\n\t\t\t\t\t<\/div>\n\t\t\t\t<\/div>\n\t\t\t\t<\/div>\n\t\t\t\t\t<\/div>\n\t\t<\/div>\n\t\t\t\t\t\t\t<\/div>\n\t\t<\/section>\n\t\t\t\t\t<\/div>\n\t\t<\/div>\n\t\t\t\t\t\t\t<\/div>\n\t\t<\/div>\n\t\t\t\t\t\t\t<\/div>\n\t\t","protected":false},"excerpt":{"rendered":"<p>Cil\u00ebt jan\u00eb an\u00ebtar\u00ebt e K\u00ebshillit t\u00eb Investimeve nga komuniteti i biznesit? An\u00ebtar\u00ebt e K\u00ebshillit t\u00eb Investimeve jan\u00eb me status t\u00eb p\u00ebrhersh\u00ebm dhe jo t\u00eb p\u00ebrhersh\u00ebm. P\u00ebrfaq\u00ebsuesit e biznesit jan\u00eb gjasht\u00eb dhe p\u00ebr t\u00eb patur interesimin dhe kontributin e tyre t\u00eb v\u00ebrtet\u00eb, ata p\u00ebrzgjidhen n\u00eb baz\u00eb t\u00eb axhend\u00ebs s\u00eb miratuar t\u00eb KI. KI nuk ka an\u00ebtar\u00eb [&hellip;]<\/p>\n","protected":false},"author":1,"featured_media":0,"parent":0,"menu_order":0,"comment_status":"closed","ping_status":"closed","template":"elementor_header_footer","meta":{"footnotes":""},"class_list":["post-6549","page","type-page","status-publish","hentry"],"acf":[],"_links":{"self":[{"href":"https:\/\/www.investment.com.al\/sq\/wp-json\/wp\/v2\/pages\/6549","targetHints":{"allow":["GET"]}}],"collection":[{"href":"https:\/\/www.investment.com.al\/sq\/wp-json\/wp\/v2\/pages"}],"about":[{"href":"https:\/\/www.investment.com.al\/sq\/wp-json\/wp\/v2\/types\/page"}],"author":[{"embeddable":true,"href":"https:\/\/www.investment.com.al\/sq\/wp-json\/wp\/v2\/users\/1"}],"replies":[{"embeddable":true,"href":"https:\/\/www.investment.com.al\/sq\/wp-json\/wp\/v2\/comments?post=6549"}],"version-history":[{"count":8,"href":"https:\/\/www.investment.com.al\/sq\/wp-json\/wp\/v2\/pages\/6549\/revisions"}],"predecessor-version":[{"id":6561,"href":"https:\/\/www.investment.com.al\/sq\/wp-json\/wp\/v2\/pages\/6549\/revisions\/6561"}],"wp:attachment":[{"href":"https:\/\/www.investment.com.al\/sq\/wp-json\/wp\/v2\/media?parent=6549"}],"curies":[{"name":"wp","href":"https:\/\/api.w.org\/{rel}","templated":true}]}}