{"id":6588,"date":"2023-01-10T08:16:15","date_gmt":"2023-01-10T08:16:15","guid":{"rendered":"https:\/\/investment.com.al\/about-us\/"},"modified":"2023-01-10T08:28:18","modified_gmt":"2023-01-10T08:28:18","slug":"rreth-keshillit-te-investimeve","status":"publish","type":"page","link":"https:\/\/www.investment.com.al\/sq\/rreth-keshillit-te-investimeve\/","title":{"rendered":"Rreth K\u00ebshillit t\u00eb Investimeve"},"content":{"rendered":"\t\t<div data-elementor-type=\"wp-page\" data-elementor-id=\"6588\" class=\"elementor elementor-6588 elementor-6578\" data-elementor-post-type=\"page\">\n\t\t\t\t\t\t\t\t\t<section class=\"elementor-section elementor-top-section elementor-element elementor-element-2407062d elementor-section-boxed elementor-section-height-default elementor-section-height-default\" data-id=\"2407062d\" data-element_type=\"section\" data-settings=\"{&quot;background_background&quot;:&quot;classic&quot;,&quot;sticky&quot;:&quot;top&quot;,&quot;sticky_offset&quot;:110,&quot;sticky_offset_tablet&quot;:95,&quot;sticky_offset_mobile&quot;:70,&quot;sticky_on&quot;:[&quot;desktop&quot;,&quot;laptop&quot;,&quot;tablet_extra&quot;,&quot;tablet&quot;,&quot;mobile_extra&quot;,&quot;mobile&quot;],&quot;sticky_effects_offset&quot;:0}\">\n\t\t\t\t\t\t<div class=\"elementor-container elementor-column-gap-default\">\n\t\t\t\t\t<div class=\"elementor-column elementor-col-100 elementor-top-column elementor-element elementor-element-42bc4466\" data-id=\"42bc4466\" data-element_type=\"column\">\n\t\t\t<div class=\"elementor-widget-wrap elementor-element-populated\">\n\t\t\t\t\t\t\t\t\t<\/div>\n\t\t<\/div>\n\t\t\t\t\t\t\t<\/div>\n\t\t<\/section>\n\t\t\t\t<div class=\"elementor-section elementor-top-section elementor-element elementor-element-7d5d0e24 elementor-section-full_width elementor-section-height-default elementor-section-height-default\" data-id=\"7d5d0e24\" data-element_type=\"section\">\n\t\t\t\t\t\t<div class=\"elementor-container elementor-column-gap-no\">\n\t\t\t\t\t<div class=\"elementor-column elementor-col-100 elementor-top-column elementor-element elementor-element-37b4b210\" data-id=\"37b4b210\" data-element_type=\"column\" data-settings=\"{&quot;background_background&quot;:&quot;classic&quot;}\">\n\t\t\t<div class=\"elementor-widget-wrap elementor-element-populated\">\n\t\t\t\t\t\t\t\t<section class=\"elementor-section elementor-inner-section elementor-element elementor-element-7b4262dd custom-right-section elementor-section-boxed elementor-section-height-default elementor-section-height-default\" data-id=\"7b4262dd\" data-element_type=\"section\" data-settings=\"{&quot;background_background&quot;:&quot;classic&quot;}\">\n\t\t\t\t\t\t<div class=\"elementor-container elementor-column-gap-default\">\n\t\t\t\t\t<div class=\"elementor-column elementor-col-50 elementor-inner-column elementor-element elementor-element-2b4de2f8\" data-id=\"2b4de2f8\" data-element_type=\"column\" data-settings=\"{&quot;background_background&quot;:&quot;classic&quot;}\">\n\t\t\t<div class=\"elementor-widget-wrap elementor-element-populated\">\n\t\t\t\t\t\t\t\t<div class=\"elementor-element elementor-element-addf144 elementor-widget elementor-widget-image\" data-id=\"addf144\" data-element_type=\"widget\" data-widget_type=\"image.default\">\n\t\t\t\t<div class=\"elementor-widget-container\">\n\t\t\t<style>\/*! elementor - v3.18.0 - 20-12-2023 *\/\n.elementor-widget-image{text-align:center}.elementor-widget-image a{display:inline-block}.elementor-widget-image a img[src$=\".svg\"]{width:48px}.elementor-widget-image img{vertical-align:middle;display:inline-block}<\/style>\t\t\t\t\t\t\t\t\t\t\t\t<img fetchpriority=\"high\" decoding=\"async\" width=\"2560\" height=\"1707\" src=\"https:\/\/www.investment.com.al\/wp-content\/uploads\/2022\/12\/G83C8468-scaled-2.jpg\" class=\"attachment-full size-full wp-image-6189\" alt=\"\" srcset=\"https:\/\/www.investment.com.al\/wp-content\/uploads\/2022\/12\/G83C8468-scaled-2.jpg 2560w, https:\/\/www.investment.com.al\/wp-content\/uploads\/2022\/12\/G83C8468-scaled-2-300x200.jpg 300w, https:\/\/www.investment.com.al\/wp-content\/uploads\/2022\/12\/G83C8468-scaled-2-1024x683.jpg 1024w, https:\/\/www.investment.com.al\/wp-content\/uploads\/2022\/12\/G83C8468-scaled-2-768x512.jpg 768w, https:\/\/www.investment.com.al\/wp-content\/uploads\/2022\/12\/G83C8468-scaled-2-350x233.jpg 350w, https:\/\/www.investment.com.al\/wp-content\/uploads\/2022\/12\/G83C8468-scaled-2-370x247.jpg 370w, https:\/\/www.investment.com.al\/wp-content\/uploads\/2022\/12\/G83C8468-scaled-2-255x170.jpg 255w, https:\/\/www.investment.com.al\/wp-content\/uploads\/2022\/12\/G83C8468-scaled-2-285x190.jpg 285w, https:\/\/www.investment.com.al\/wp-content\/uploads\/2022\/12\/G83C8468-scaled-2-1536x1024.jpg 1536w, https:\/\/www.investment.com.al\/wp-content\/uploads\/2022\/12\/G83C8468-scaled-2-2048x1366.jpg 2048w\" sizes=\"(max-width: 2560px) 100vw, 2560px\" \/>\t\t\t\t\t\t\t\t\t\t\t\t\t\t\t<\/div>\n\t\t\t\t<\/div>\n\t\t\t\t\t<\/div>\n\t\t<\/div>\n\t\t\t\t<div class=\"elementor-column elementor-col-50 elementor-inner-column elementor-element elementor-element-c447363\" data-id=\"c447363\" data-element_type=\"column\" data-settings=\"{&quot;background_background&quot;:&quot;classic&quot;}\">\n\t\t\t<div class=\"elementor-widget-wrap elementor-element-populated\">\n\t\t\t\t\t\t\t\t<div class=\"elementor-element elementor-element-9280476 elementor-widget elementor-widget-heading\" data-id=\"9280476\" data-element_type=\"widget\" data-widget_type=\"heading.default\">\n\t\t\t\t<div class=\"elementor-widget-container\">\n\t\t\t<style>\/*! elementor - v3.18.0 - 20-12-2023 *\/\n.elementor-heading-title{padding:0;margin:0;line-height:1}.elementor-widget-heading .elementor-heading-title[class*=elementor-size-]>a{color:inherit;font-size:inherit;line-height:inherit}.elementor-widget-heading .elementor-heading-title.elementor-size-small{font-size:15px}.elementor-widget-heading .elementor-heading-title.elementor-size-medium{font-size:19px}.elementor-widget-heading .elementor-heading-title.elementor-size-large{font-size:29px}.elementor-widget-heading .elementor-heading-title.elementor-size-xl{font-size:39px}.elementor-widget-heading .elementor-heading-title.elementor-size-xxl{font-size:59px}<\/style><h2 class=\"elementor-heading-title elementor-size-default\">Rreth K\u00ebshillit t\u00eb Investimeve<\/h2>\t\t<\/div>\n\t\t\t\t<\/div>\n\t\t\t\t<div class=\"elementor-element elementor-element-604f476 elementor-widget elementor-widget-text-editor\" data-id=\"604f476\" data-element_type=\"widget\" data-widget_type=\"text-editor.default\">\n\t\t\t\t<div class=\"elementor-widget-container\">\n\t\t\t<style>\/*! elementor - v3.18.0 - 20-12-2023 *\/\n.elementor-widget-text-editor.elementor-drop-cap-view-stacked .elementor-drop-cap{background-color:#69727d;color:#fff}.elementor-widget-text-editor.elementor-drop-cap-view-framed .elementor-drop-cap{color:#69727d;border:3px solid;background-color:transparent}.elementor-widget-text-editor:not(.elementor-drop-cap-view-default) .elementor-drop-cap{margin-top:8px}.elementor-widget-text-editor:not(.elementor-drop-cap-view-default) .elementor-drop-cap-letter{width:1em;height:1em}.elementor-widget-text-editor .elementor-drop-cap{float:left;text-align:center;line-height:1;font-size:50px}.elementor-widget-text-editor .elementor-drop-cap-letter{display:inline-block}<\/style>\t\t\t\tK\u00ebshilli i Investimeve \u00ebsht\u00eb nj\u00eb platform\u00eb e ngritur nga autoritetet shqiptare me mb\u00ebshtetjen e BERZH-it p\u00ebr t\u00eb rritur dialogun midis qeveris\u00eb dhe sektorit privat, p\u00ebr t\u00eb p\u00ebrmir\u00ebsuar klim\u00ebn e biznesit dhe p\u00ebr t\u00eb nxitur qeverisjen e mir\u00eb. Puna e K\u00ebshillit mb\u00ebshtetet nga Sekretariati, nj\u00eb organ i pavarur me profesionist\u00eb t\u00eb p\u00ebrzgjedhur dhe kontraktuar nga BERZH p\u00ebr t\u2019u angazhuar drejtp\u00ebrs\u00ebdrejti me komunitetin e biznesit. Financimi fillestar p\u00ebr Sekretariatin p\u00ebr periudh\u00ebn 2015-2018 u ofrua nga Qeveria Italiane, nd\u00ebrsa financimi aktual p\u00ebr periudh\u00ebn 2019-2021 \u00ebsht\u00eb ofruar nga Sekretariati Shtet\u00ebror Zvicerian p\u00ebr \u00c7\u00ebshtje Ekonomike (SECO).\t\t\t\t\t\t<\/div>\n\t\t\t\t<\/div>\n\t\t\t\t\t<\/div>\n\t\t<\/div>\n\t\t\t\t\t\t\t<\/div>\n\t\t<\/section>\n\t\t\t\t\t<\/div>\n\t\t<\/div>\n\t\t\t\t\t\t\t<\/div>\n\t\t<\/div>\n\t\t\t\t\t\t\t<\/div>\n\t\t","protected":false},"excerpt":{"rendered":"<p>Rreth K\u00ebshillit t\u00eb Investimeve K\u00ebshilli i Investimeve \u00ebsht\u00eb nj\u00eb platform\u00eb e ngritur nga autoritetet shqiptare me mb\u00ebshtetjen e BERZH-it p\u00ebr t\u00eb rritur dialogun midis qeveris\u00eb dhe sektorit privat, p\u00ebr t\u00eb p\u00ebrmir\u00ebsuar klim\u00ebn e biznesit dhe p\u00ebr t\u00eb nxitur qeverisjen e mir\u00eb. Puna e K\u00ebshillit mb\u00ebshtetet nga Sekretariati, nj\u00eb organ i pavarur me profesionist\u00eb t\u00eb p\u00ebrzgjedhur [&hellip;]<\/p>\n","protected":false},"author":1,"featured_media":0,"parent":0,"menu_order":0,"comment_status":"closed","ping_status":"closed","template":"elementor_header_footer","meta":{"footnotes":""},"class_list":["post-6588","page","type-page","status-publish","hentry"],"acf":[],"_links":{"self":[{"href":"https:\/\/www.investment.com.al\/sq\/wp-json\/wp\/v2\/pages\/6588","targetHints":{"allow":["GET"]}}],"collection":[{"href":"https:\/\/www.investment.com.al\/sq\/wp-json\/wp\/v2\/pages"}],"about":[{"href":"https:\/\/www.investment.com.al\/sq\/wp-json\/wp\/v2\/types\/page"}],"author":[{"embeddable":true,"href":"https:\/\/www.investment.com.al\/sq\/wp-json\/wp\/v2\/users\/1"}],"replies":[{"embeddable":true,"href":"https:\/\/www.investment.com.al\/sq\/wp-json\/wp\/v2\/comments?post=6588"}],"version-history":[{"count":4,"href":"https:\/\/www.investment.com.al\/sq\/wp-json\/wp\/v2\/pages\/6588\/revisions"}],"predecessor-version":[{"id":6592,"href":"https:\/\/www.investment.com.al\/sq\/wp-json\/wp\/v2\/pages\/6588\/revisions\/6592"}],"wp:attachment":[{"href":"https:\/\/www.investment.com.al\/sq\/wp-json\/wp\/v2\/media?parent=6588"}],"curies":[{"name":"wp","href":"https:\/\/api.w.org\/{rel}","templated":true}]}}