{"id":7954,"date":"2023-02-07T16:43:02","date_gmt":"2023-02-07T16:43:02","guid":{"rendered":"https:\/\/investment.com.al\/covid-19-impact-on-economy\/"},"modified":"2023-02-08T09:17:15","modified_gmt":"2023-02-08T09:17:15","slug":"covid-19-ndikimi-ne-ekonomi","status":"publish","type":"page","link":"https:\/\/www.investment.com.al\/sq\/covid-19-ndikimi-ne-ekonomi\/","title":{"rendered":"Covid-19 \u2013 Ndikimi n\u00eb Ekonomi"},"content":{"rendered":"\t\t<div data-elementor-type=\"wp-page\" data-elementor-id=\"7954\" class=\"elementor elementor-7954 elementor-7952\" data-elementor-post-type=\"page\">\n\t\t\t\t\t\t\t\t\t<section class=\"elementor-section elementor-top-section elementor-element elementor-element-4e5589fe elementor-section-boxed elementor-section-height-default elementor-section-height-default\" data-id=\"4e5589fe\" data-element_type=\"section\" data-settings=\"{&quot;background_background&quot;:&quot;classic&quot;,&quot;sticky&quot;:&quot;top&quot;,&quot;sticky_offset&quot;:110,&quot;sticky_offset_tablet&quot;:95,&quot;sticky_offset_mobile&quot;:70,&quot;sticky_on&quot;:[&quot;desktop&quot;,&quot;laptop&quot;,&quot;tablet_extra&quot;,&quot;tablet&quot;,&quot;mobile_extra&quot;,&quot;mobile&quot;],&quot;sticky_effects_offset&quot;:0}\">\n\t\t\t\t\t\t<div class=\"elementor-container elementor-column-gap-default\">\n\t\t\t\t\t<div class=\"elementor-column elementor-col-100 elementor-top-column elementor-element elementor-element-6f2a2e80\" data-id=\"6f2a2e80\" data-element_type=\"column\">\n\t\t\t<div class=\"elementor-widget-wrap elementor-element-populated\">\n\t\t\t\t\t\t\t\t\t<\/div>\n\t\t<\/div>\n\t\t\t\t\t\t\t<\/div>\n\t\t<\/section>\n\t\t\t\t<div class=\"elementor-section elementor-top-section elementor-element elementor-element-5230ac8 elementor-section-boxed elementor-section-height-default elementor-section-height-default\" data-id=\"5230ac8\" data-element_type=\"section\">\n\t\t\t\t\t\t<div class=\"elementor-container elementor-column-gap-no\">\n\t\t\t\t\t<div class=\"elementor-column elementor-col-100 elementor-top-column elementor-element elementor-element-dac7e41\" data-id=\"dac7e41\" data-element_type=\"column\" data-settings=\"{&quot;background_background&quot;:&quot;classic&quot;}\">\n\t\t\t<div class=\"elementor-widget-wrap elementor-element-populated\">\n\t\t\t\t\t\t\t\t<div class=\"elementor-element elementor-element-1a7fc384 elementor-position-left elementor-vertical-align-middle custom-image-bo elementor-widget elementor-widget-image-box\" data-id=\"1a7fc384\" data-element_type=\"widget\" data-widget_type=\"image-box.default\">\n\t\t\t\t<div class=\"elementor-widget-container\">\n\t\t\t<style>.elementor-widget-image-box .elementor-image-box-content{width:100%}@media (min-width:768px){.elementor-widget-image-box.elementor-position-left .elementor-image-box-wrapper,.elementor-widget-image-box.elementor-position-right .elementor-image-box-wrapper{display:flex}.elementor-widget-image-box.elementor-position-right .elementor-image-box-wrapper{text-align:right;flex-direction:row-reverse}.elementor-widget-image-box.elementor-position-left .elementor-image-box-wrapper{text-align:left;flex-direction:row}.elementor-widget-image-box.elementor-position-top .elementor-image-box-img{margin:auto}.elementor-widget-image-box.elementor-vertical-align-top .elementor-image-box-wrapper{align-items:flex-start}.elementor-widget-image-box.elementor-vertical-align-middle .elementor-image-box-wrapper{align-items:center}.elementor-widget-image-box.elementor-vertical-align-bottom .elementor-image-box-wrapper{align-items:flex-end}}@media (max-width:767px){.elementor-widget-image-box .elementor-image-box-img{margin-left:auto!important;margin-right:auto!important;margin-bottom:15px}}.elementor-widget-image-box .elementor-image-box-img{display:inline-block}.elementor-widget-image-box .elementor-image-box-title a{color:inherit}.elementor-widget-image-box .elementor-image-box-wrapper{text-align:center}.elementor-widget-image-box .elementor-image-box-description{margin:0}<\/style><div class=\"elementor-image-box-wrapper\"><figure class=\"elementor-image-box-img\"><a href=\"\/wp-content\/uploads\/2023\/01\/Dokument-Pune-17-\u2013-Sugjerime-Mbi-Rimekembjen-Ekonomike-Shqiperia-post-COVID-19.pdf\" tabindex=\"-1\"><img decoding=\"async\" width=\"196\" height=\"226\" src=\"https:\/\/www.investment.com.al\/wp-content\/uploads\/2023\/02\/17.png\" class=\"attachment-full size-full wp-image-8009\" alt=\"\" \/><\/a><\/figure><div class=\"elementor-image-box-content\"><h3 class=\"elementor-image-box-title\"><a href=\"\/wp-content\/uploads\/2023\/01\/Dokument-Pune-17-\u2013-Sugjerime-Mbi-Rimekembjen-Ekonomike-Shqiperia-post-COVID-19.pdf\">Dokument Pune | Qershor 2020<\/a><\/h3><p class=\"elementor-image-box-description\">Sugjerime mbi rim\u00ebk\u00ebmbjen ekonomike,\nShqip\u00ebria post-Covid-19<\/p><\/div><\/div>\t\t<\/div>\n\t\t\t\t<\/div>\n\t\t\t\t\t<\/div>\n\t\t<\/div>\n\t\t\t\t\t\t\t<\/div>\n\t\t<\/div>\n\t\t\t\t\t\t\t<\/div>\n\t\t","protected":false},"excerpt":{"rendered":"<p>Dokument Pune | Qershor 2020 Sugjerime mbi rim\u00ebk\u00ebmbjen ekonomike, Shqip\u00ebria post-Covid-19<\/p>\n","protected":false},"author":1,"featured_media":0,"parent":0,"menu_order":0,"comment_status":"closed","ping_status":"closed","template":"elementor_header_footer","meta":{"footnotes":""},"class_list":["post-7954","page","type-page","status-publish","hentry"],"acf":[],"_links":{"self":[{"href":"https:\/\/www.investment.com.al\/sq\/wp-json\/wp\/v2\/pages\/7954","targetHints":{"allow":["GET"]}}],"collection":[{"href":"https:\/\/www.investment.com.al\/sq\/wp-json\/wp\/v2\/pages"}],"about":[{"href":"https:\/\/www.investment.com.al\/sq\/wp-json\/wp\/v2\/types\/page"}],"author":[{"embeddable":true,"href":"https:\/\/www.investment.com.al\/sq\/wp-json\/wp\/v2\/users\/1"}],"replies":[{"embeddable":true,"href":"https:\/\/www.investment.com.al\/sq\/wp-json\/wp\/v2\/comments?post=7954"}],"version-history":[{"count":10,"href":"https:\/\/www.investment.com.al\/sq\/wp-json\/wp\/v2\/pages\/7954\/revisions"}],"predecessor-version":[{"id":8013,"href":"https:\/\/www.investment.com.al\/sq\/wp-json\/wp\/v2\/pages\/7954\/revisions\/8013"}],"wp:attachment":[{"href":"https:\/\/www.investment.com.al\/sq\/wp-json\/wp\/v2\/media?parent=7954"}],"curies":[{"name":"wp","href":"https:\/\/api.w.org\/{rel}","templated":true}]}}